{"id":119,"date":"2020-05-18T10:41:10","date_gmt":"2020-05-18T10:41:10","guid":{"rendered":"https:\/\/arvolanluomutila.fi\/?page_id=119"},"modified":"2024-11-22T12:59:39","modified_gmt":"2024-11-22T12:59:39","slug":"hunaja","status":"publish","type":"page","link":"https:\/\/arvolanluomutila.fi\/index.php\/hunaja\/","title":{"rendered":"Hunaja"},"content":{"rendered":"\n<h2 class=\"wp-block-heading has-text-align-center has-text-color\" style=\"color:#2e911e\">Hunaja<\/h2>\n\n\n\n<p>Luomuhunaja on kotimainen tuote. Se tulee suoraan tuottajalta sinulle myyntiin, ilman v\u00e4lik\u00e4si\u00e4. Mehil\u00e4iset ovat ker\u00e4nneet hunajan Pohjois-Pohjanmaalta, Pyh\u00e4jokilaakson vehreilt\u00e4 pelloilta ja metsist\u00e4. Luomuhunajan tuotantoa valvotaan Suomessa tarkoin ja se tarkoittaa mm. vuosittain tapahtuvaa tarkastusta. Lis\u00e4ksi on s\u00e4\u00e4d\u00f6ksi\u00e4 esimerkiksi siit\u00e4, miss\u00e4 mehil\u00e4isten pes\u00e4t voivat sijaita. Talviruokinta tapahtuu luomusokerilla. N\u00e4in luomuhunajan tuotanto lis\u00e4\u00e4 my\u00f6s muuta luomutuotantoa maailmassa.<\/p>\n\n\n\n<p>Luomuhunajaan ei lis\u00e4t\u00e4 mit\u00e4\u00e4n, se lingotaan suoraan mehil\u00e4isten ker\u00e4\u00e4mist\u00e4 kennoista, siivil\u00f6id\u00e4\u00e4n ja pakataan purkkeihin. Siit\u00e4 ei my\u00f6sk\u00e4\u00e4n poisteta mit\u00e4\u00e4n.<\/p>\n\n\n\n<p>Arvolan tila on keskittynyt luomumarjojen ohella tuottamaan luomuhunajaa ja luomusiitep\u00f6ly\u00e4.<\/p>\n\n\n\n<div class=\"wp-block-columns is-layout-flex wp-container-core-columns-is-layout-9d6595d7 wp-block-columns-is-layout-flex\">\n<div class=\"wp-block-column is-layout-flow wp-block-column-is-layout-flow\">\n<figure class=\"wp-block-image size-large\"><img loading=\"lazy\" decoding=\"async\" width=\"640\" height=\"640\" src=\"https:\/\/arvolanluomutila.fi\/wp-content\/uploads\/2021\/08\/IMG_5311-rotated.jpg\" alt=\"\" class=\"wp-image-191\" srcset=\"https:\/\/arvolanluomutila.fi\/wp-content\/uploads\/2021\/08\/IMG_5311-rotated.jpg 640w, https:\/\/arvolanluomutila.fi\/wp-content\/uploads\/2021\/08\/IMG_5311-300x300.jpg 300w, https:\/\/arvolanluomutila.fi\/wp-content\/uploads\/2021\/08\/IMG_5311-150x150.jpg 150w\" sizes=\"auto, (max-width: 640px) 100vw, 640px\" \/><figcaption class=\"wp-element-caption\">Lasipurkki, 300g luomuhunajaa <strong>6,50\u20ac<\/strong><br><\/figcaption><\/figure>\n\n\n\n<p><\/p>\n<\/div>\n\n\n\n<div class=\"wp-block-column is-layout-flow wp-block-column-is-layout-flow\">\n<figure class=\"wp-block-image size-large\"><img loading=\"lazy\" decoding=\"async\" width=\"640\" height=\"640\" src=\"https:\/\/arvolanluomutila.fi\/wp-content\/uploads\/2021\/08\/IMG_5312-rotated.jpg\" alt=\"\" class=\"wp-image-192\" srcset=\"https:\/\/arvolanluomutila.fi\/wp-content\/uploads\/2021\/08\/IMG_5312-rotated.jpg 640w, https:\/\/arvolanluomutila.fi\/wp-content\/uploads\/2021\/08\/IMG_5312-300x300.jpg 300w, https:\/\/arvolanluomutila.fi\/wp-content\/uploads\/2021\/08\/IMG_5312-150x150.jpg 150w\" sizes=\"auto, (max-width: 640px) 100vw, 640px\" \/><figcaption class=\"wp-element-caption\">Muovipurkki, 450g luomuhunajaa <strong>9\u20ac<\/strong><br>,<\/figcaption><\/figure>\n<\/div>\n<\/div>\n\n\n\n<div class=\"wp-block-columns is-layout-flex wp-container-core-columns-is-layout-9d6595d7 wp-block-columns-is-layout-flex\">\n<div class=\"wp-block-column is-layout-flow wp-block-column-is-layout-flow\">\n<figure class=\"wp-block-image size-full\"><img loading=\"lazy\" decoding=\"async\" width=\"699\" height=\"839\" src=\"https:\/\/arvolanluomutila.fi\/wp-content\/uploads\/2024\/11\/lahjapakkaus-C.jpg\" alt=\"\" class=\"wp-image-278\" srcset=\"https:\/\/arvolanluomutila.fi\/wp-content\/uploads\/2024\/11\/lahjapakkaus-C.jpg 699w, https:\/\/arvolanluomutila.fi\/wp-content\/uploads\/2024\/11\/lahjapakkaus-C-250x300.jpg 250w\" sizes=\"auto, (max-width: 699px) 100vw, 699px\" \/><figcaption class=\"wp-element-caption\">Teemme my\u00f6s erilaisia lahjapakkauksia; kuvan pakkauksessa 300g luomuhunaja lasipurkissa sek\u00e4 mehil\u00e4isvahakynttil\u00e4, hinta 16\u20ac<\/figcaption><\/figure>\n\n\n\n<p><\/p>\n<\/div>\n\n\n\n<div class=\"wp-block-column is-layout-flow wp-block-column-is-layout-flow\">\n<figure class=\"wp-block-image size-large\"><img loading=\"lazy\" decoding=\"async\" width=\"640\" height=\"640\" src=\"https:\/\/arvolanluomutila.fi\/wp-content\/uploads\/2021\/08\/IMG_5311-rotated.jpg\" alt=\"\" class=\"wp-image-191\" srcset=\"https:\/\/arvolanluomutila.fi\/wp-content\/uploads\/2021\/08\/IMG_5311-rotated.jpg 640w, https:\/\/arvolanluomutila.fi\/wp-content\/uploads\/2021\/08\/IMG_5311-300x300.jpg 300w, https:\/\/arvolanluomutila.fi\/wp-content\/uploads\/2021\/08\/IMG_5311-150x150.jpg 150w\" sizes=\"auto, (max-width: 640px) 100vw, 640px\" \/><figcaption class=\"wp-element-caption\">Tilata voi my\u00f6s kauemmas, l\u00e4het\u00e4mme paketin Matkahuollon kautta. L\u00e4hetyskulut riippuvat Matkahuollon hinnastosta.<br>Tilata voi s\u00e4hk\u00f6postilla: <a href=\"mailto:arvolantila.matkaniva@gmail.com\">arvolantila.matkaniva@gmail.com <\/a><br>tai puhelimella<strong> 0442141034.<\/strong> <br>Hunajaa voi my\u00f6s hakea suoraan tilalta Haapavedentie 583, 86300 Oulainen.<\/figcaption><\/figure>\n<\/div>\n<\/div>\n","protected":false},"excerpt":{"rendered":"<p>Hunaja Luomuhunaja on kotimainen tuote. Se tulee suoraan tuottajalta sinulle myyntiin, ilman v\u00e4lik\u00e4si\u00e4. Mehil\u00e4iset ovat ker\u00e4nneet hunajan Pohjois-Pohjanmaalta, Pyh\u00e4jokilaakson vehreilt\u00e4 pelloilta ja metsist\u00e4. Luomuhunajan tuotantoa&hellip;<\/p>\n","protected":false},"author":1,"featured_media":127,"parent":0,"menu_order":0,"comment_status":"closed","ping_status":"closed","template":"","meta":{"footnotes":""},"class_list":["post-119","page","type-page","status-publish","has-post-thumbnail","hentry"],"yoast_head":"<!-- This site is optimized with the Yoast SEO plugin v27.4 - https:\/\/yoast.com\/product\/yoast-seo-wordpress\/ -->\n<title>Hunaja - Hunajaa Arvolan Luomutilalta!<\/title>\n<meta name=\"description\" content=\"Arvolan luomutilan herkullista hunajaa saat tilattua kauempaakin.\" \/>\n<meta name=\"robots\" content=\"index, follow, max-snippet:-1, max-image-preview:large, max-video-preview:-1\" \/>\n<link rel=\"canonical\" href=\"https:\/\/arvolanluomutila.fi\/index.php\/hunaja\/\" \/>\n<meta property=\"og:locale\" content=\"fi_FI\" \/>\n<meta property=\"og:type\" content=\"article\" \/>\n<meta property=\"og:title\" content=\"Hunaja - Hunajaa Arvolan Luomutilalta!\" \/>\n<meta property=\"og:description\" content=\"Arvolan luomutilan herkullista hunajaa saat tilattua kauempaakin.\" \/>\n<meta property=\"og:url\" content=\"https:\/\/arvolanluomutila.fi\/index.php\/hunaja\/\" \/>\n<meta property=\"article:modified_time\" content=\"2024-11-22T12:59:39+00:00\" \/>\n<meta property=\"og:image\" content=\"https:\/\/arvolanluomutila.fi\/wp-content\/uploads\/2020\/05\/beehive-337695_1920.jpg\" \/>\n\t<meta property=\"og:image:width\" content=\"1920\" \/>\n\t<meta property=\"og:image:height\" content=\"1281\" \/>\n\t<meta property=\"og:image:type\" content=\"image\/jpeg\" \/>\n<meta name=\"twitter:card\" content=\"summary_large_image\" \/>\n<meta name=\"twitter:label1\" content=\"Arvioitu lukuaika\" \/>\n\t<meta name=\"twitter:data1\" content=\"2 minuuttia\" \/>\n<script type=\"application\/ld+json\" class=\"yoast-schema-graph\">{\"@context\":\"https:\\\/\\\/schema.org\",\"@graph\":[{\"@type\":\"WebPage\",\"@id\":\"https:\\\/\\\/arvolanluomutila.fi\\\/index.php\\\/hunaja\\\/\",\"url\":\"https:\\\/\\\/arvolanluomutila.fi\\\/index.php\\\/hunaja\\\/\",\"name\":\"Hunaja - Hunajaa Arvolan Luomutilalta!\",\"isPartOf\":{\"@id\":\"https:\\\/\\\/arvolanluomutila.fi\\\/#website\"},\"primaryImageOfPage\":{\"@id\":\"https:\\\/\\\/arvolanluomutila.fi\\\/index.php\\\/hunaja\\\/#primaryimage\"},\"image\":{\"@id\":\"https:\\\/\\\/arvolanluomutila.fi\\\/index.php\\\/hunaja\\\/#primaryimage\"},\"thumbnailUrl\":\"https:\\\/\\\/arvolanluomutila.fi\\\/wp-content\\\/uploads\\\/2020\\\/05\\\/beehive-337695_1920.jpg\",\"datePublished\":\"2020-05-18T10:41:10+00:00\",\"dateModified\":\"2024-11-22T12:59:39+00:00\",\"description\":\"Arvolan luomutilan herkullista hunajaa saat tilattua kauempaakin.\",\"breadcrumb\":{\"@id\":\"https:\\\/\\\/arvolanluomutila.fi\\\/index.php\\\/hunaja\\\/#breadcrumb\"},\"inLanguage\":\"fi\",\"potentialAction\":[{\"@type\":\"ReadAction\",\"target\":[\"https:\\\/\\\/arvolanluomutila.fi\\\/index.php\\\/hunaja\\\/\"]}]},{\"@type\":\"ImageObject\",\"inLanguage\":\"fi\",\"@id\":\"https:\\\/\\\/arvolanluomutila.fi\\\/index.php\\\/hunaja\\\/#primaryimage\",\"url\":\"https:\\\/\\\/arvolanluomutila.fi\\\/wp-content\\\/uploads\\\/2020\\\/05\\\/beehive-337695_1920.jpg\",\"contentUrl\":\"https:\\\/\\\/arvolanluomutila.fi\\\/wp-content\\\/uploads\\\/2020\\\/05\\\/beehive-337695_1920.jpg\",\"width\":1920,\"height\":1281},{\"@type\":\"BreadcrumbList\",\"@id\":\"https:\\\/\\\/arvolanluomutila.fi\\\/index.php\\\/hunaja\\\/#breadcrumb\",\"itemListElement\":[{\"@type\":\"ListItem\",\"position\":1,\"name\":\"Home\",\"item\":\"https:\\\/\\\/arvolanluomutila.fi\\\/\"},{\"@type\":\"ListItem\",\"position\":2,\"name\":\"Hunaja\"}]},{\"@type\":\"WebSite\",\"@id\":\"https:\\\/\\\/arvolanluomutila.fi\\\/#website\",\"url\":\"https:\\\/\\\/arvolanluomutila.fi\\\/\",\"name\":\"\",\"description\":\"\",\"potentialAction\":[{\"@type\":\"SearchAction\",\"target\":{\"@type\":\"EntryPoint\",\"urlTemplate\":\"https:\\\/\\\/arvolanluomutila.fi\\\/?s={search_term_string}\"},\"query-input\":{\"@type\":\"PropertyValueSpecification\",\"valueRequired\":true,\"valueName\":\"search_term_string\"}}],\"inLanguage\":\"fi\"}]}<\/script>\n<!-- \/ Yoast SEO plugin. -->","yoast_head_json":{"title":"Hunaja - Hunajaa Arvolan Luomutilalta!","description":"Arvolan luomutilan herkullista hunajaa saat tilattua kauempaakin.","robots":{"index":"index","follow":"follow","max-snippet":"max-snippet:-1","max-image-preview":"max-image-preview:large","max-video-preview":"max-video-preview:-1"},"canonical":"https:\/\/arvolanluomutila.fi\/index.php\/hunaja\/","og_locale":"fi_FI","og_type":"article","og_title":"Hunaja - Hunajaa Arvolan Luomutilalta!","og_description":"Arvolan luomutilan herkullista hunajaa saat tilattua kauempaakin.","og_url":"https:\/\/arvolanluomutila.fi\/index.php\/hunaja\/","article_modified_time":"2024-11-22T12:59:39+00:00","og_image":[{"width":1920,"height":1281,"url":"https:\/\/arvolanluomutila.fi\/wp-content\/uploads\/2020\/05\/beehive-337695_1920.jpg","type":"image\/jpeg"}],"twitter_card":"summary_large_image","twitter_misc":{"Arvioitu lukuaika":"2 minuuttia"},"schema":{"@context":"https:\/\/schema.org","@graph":[{"@type":"WebPage","@id":"https:\/\/arvolanluomutila.fi\/index.php\/hunaja\/","url":"https:\/\/arvolanluomutila.fi\/index.php\/hunaja\/","name":"Hunaja - Hunajaa Arvolan Luomutilalta!","isPartOf":{"@id":"https:\/\/arvolanluomutila.fi\/#website"},"primaryImageOfPage":{"@id":"https:\/\/arvolanluomutila.fi\/index.php\/hunaja\/#primaryimage"},"image":{"@id":"https:\/\/arvolanluomutila.fi\/index.php\/hunaja\/#primaryimage"},"thumbnailUrl":"https:\/\/arvolanluomutila.fi\/wp-content\/uploads\/2020\/05\/beehive-337695_1920.jpg","datePublished":"2020-05-18T10:41:10+00:00","dateModified":"2024-11-22T12:59:39+00:00","description":"Arvolan luomutilan herkullista hunajaa saat tilattua kauempaakin.","breadcrumb":{"@id":"https:\/\/arvolanluomutila.fi\/index.php\/hunaja\/#breadcrumb"},"inLanguage":"fi","potentialAction":[{"@type":"ReadAction","target":["https:\/\/arvolanluomutila.fi\/index.php\/hunaja\/"]}]},{"@type":"ImageObject","inLanguage":"fi","@id":"https:\/\/arvolanluomutila.fi\/index.php\/hunaja\/#primaryimage","url":"https:\/\/arvolanluomutila.fi\/wp-content\/uploads\/2020\/05\/beehive-337695_1920.jpg","contentUrl":"https:\/\/arvolanluomutila.fi\/wp-content\/uploads\/2020\/05\/beehive-337695_1920.jpg","width":1920,"height":1281},{"@type":"BreadcrumbList","@id":"https:\/\/arvolanluomutila.fi\/index.php\/hunaja\/#breadcrumb","itemListElement":[{"@type":"ListItem","position":1,"name":"Home","item":"https:\/\/arvolanluomutila.fi\/"},{"@type":"ListItem","position":2,"name":"Hunaja"}]},{"@type":"WebSite","@id":"https:\/\/arvolanluomutila.fi\/#website","url":"https:\/\/arvolanluomutila.fi\/","name":"","description":"","potentialAction":[{"@type":"SearchAction","target":{"@type":"EntryPoint","urlTemplate":"https:\/\/arvolanluomutila.fi\/?s={search_term_string}"},"query-input":{"@type":"PropertyValueSpecification","valueRequired":true,"valueName":"search_term_string"}}],"inLanguage":"fi"}]}},"_links":{"self":[{"href":"https:\/\/arvolanluomutila.fi\/index.php\/wp-json\/wp\/v2\/pages\/119","targetHints":{"allow":["GET"]}}],"collection":[{"href":"https:\/\/arvolanluomutila.fi\/index.php\/wp-json\/wp\/v2\/pages"}],"about":[{"href":"https:\/\/arvolanluomutila.fi\/index.php\/wp-json\/wp\/v2\/types\/page"}],"author":[{"embeddable":true,"href":"https:\/\/arvolanluomutila.fi\/index.php\/wp-json\/wp\/v2\/users\/1"}],"replies":[{"embeddable":true,"href":"https:\/\/arvolanluomutila.fi\/index.php\/wp-json\/wp\/v2\/comments?post=119"}],"version-history":[{"count":19,"href":"https:\/\/arvolanluomutila.fi\/index.php\/wp-json\/wp\/v2\/pages\/119\/revisions"}],"predecessor-version":[{"id":292,"href":"https:\/\/arvolanluomutila.fi\/index.php\/wp-json\/wp\/v2\/pages\/119\/revisions\/292"}],"wp:featuredmedia":[{"embeddable":true,"href":"https:\/\/arvolanluomutila.fi\/index.php\/wp-json\/wp\/v2\/media\/127"}],"wp:attachment":[{"href":"https:\/\/arvolanluomutila.fi\/index.php\/wp-json\/wp\/v2\/media?parent=119"}],"curies":[{"name":"wp","href":"https:\/\/api.w.org\/{rel}","templated":true}]}}