{"id":132,"date":"2020-05-18T12:27:50","date_gmt":"2020-05-18T12:27:50","guid":{"rendered":"https:\/\/arvolanluomutila.fi\/?page_id=132"},"modified":"2024-11-22T12:25:54","modified_gmt":"2024-11-22T12:25:54","slug":"marjat","status":"publish","type":"page","link":"https:\/\/arvolanluomutila.fi\/index.php\/marjat\/","title":{"rendered":"Marjat"},"content":{"rendered":"\n<h2 class=\"wp-block-heading has-text-align-center has-text-color\" style=\"color:#2e911e\">Marjat<\/h2>\n\n\n\n<p>Arvolan luomutilalla istutettiin esnimm\u00e4isen kerran luomumansikkaa ja -vadelmaa kes\u00e4ll\u00e4 2020 sek\u00e4 luomuraparperia 2021. T\u00e4ll\u00e4 hetkell\u00e4 kaikki mansikka-, vadelma- ja raparperituotanto on Ruokaviraston tarkastamaa luomua (FI-EKO 113).<\/p>\n\n\n\n<p>Kaikki marjat kasvavat avomaalla ja luomumansikan p\u00e4\u00e4sato lajike on Polka. Lis\u00e4ksi olemme istuttaneet Honeye, Frida  ja Verdi lajikkeen taimia, joista saadaan jo hyvin satoa.  Vadelman lajike on Ottawa ja raparperi on Victoria-lajiketta.<\/p>\n\n\n\n<p>Kes\u00e4ll\u00e4 2024 olemme laajentaneet tuotantoa istuttamalla pensasmustikkaa sek\u00e4 hunajamarjaa (Haskap\/ Marjasinikuusama). Pensasmustikkaa istuettiin 6 eri lajiketta kokeilumieless\u00e4 ja hunajamarjaa puolestaa 4 eri lajiketta. Molemmat uudet marjat ovat vasta luomuun siirtymisvaiheessa, koska kaikkia taimia ei l\u00f6ytynyt luomuna. Satoa n\u00e4ist\u00e4 voitanee odottaa 3-5 vuoden p\u00e4\u00e4st\u00e4. <\/p>\n\n\n\n<p>Meilt\u00e4 saa luomumarjoja valmiiksi poimittuna tai voi tulla itse poimimaan. Sek\u00e4 marjat ett\u00e4 poiminta-aika kannattaa varata ajoissa. P\u00e4iv\u00e4n hinnat l\u00f6ytyv\u00e4t parhaiten seuraamalla Arvolan luomutilan Facebook-sivuja tai IG-tili\u00e4. <\/p>\n\n\n\n<p><\/p>\n\n\n\n<div class=\"wp-block-columns is-layout-flex wp-container-core-columns-is-layout-9d6595d7 wp-block-columns-is-layout-flex\">\n<div class=\"wp-block-column is-layout-flow wp-block-column-is-layout-flow\">\n<figure class=\"wp-block-image size-large\"><img loading=\"lazy\" decoding=\"async\" width=\"1024\" height=\"768\" src=\"https:\/\/arvolanluomutila.fi\/wp-content\/uploads\/2021\/08\/20210702_141608-1024x768.jpg\" alt=\"\" class=\"wp-image-209\" srcset=\"https:\/\/arvolanluomutila.fi\/wp-content\/uploads\/2021\/08\/20210702_141608-1024x768.jpg 1024w, https:\/\/arvolanluomutila.fi\/wp-content\/uploads\/2021\/08\/20210702_141608-300x225.jpg 300w, https:\/\/arvolanluomutila.fi\/wp-content\/uploads\/2021\/08\/20210702_141608-768x576.jpg 768w, https:\/\/arvolanluomutila.fi\/wp-content\/uploads\/2021\/08\/20210702_141608-1536x1152.jpg 1536w, https:\/\/arvolanluomutila.fi\/wp-content\/uploads\/2021\/08\/20210702_141608-2048x1536.jpg 2048w\" sizes=\"auto, (max-width: 1024px) 100vw, 1024px\" \/><\/figure>\n\n\n\n<p>Kes\u00e4n 2021 mansikkasatoa poimittuna.<\/p>\n<\/div>\n\n\n\n<div class=\"wp-block-column is-layout-flow wp-block-column-is-layout-flow\">\n<figure class=\"wp-block-image size-large is-resized\"><img loading=\"lazy\" decoding=\"async\" width=\"360\" height=\"640\" src=\"https:\/\/arvolanluomutila.fi\/wp-content\/uploads\/2021\/08\/IMG_5317-1-edited-rotated.jpg\" alt=\"\" class=\"wp-image-213\" style=\"width:235px;height:418px\" srcset=\"https:\/\/arvolanluomutila.fi\/wp-content\/uploads\/2021\/08\/IMG_5317-1-edited-rotated.jpg 360w, https:\/\/arvolanluomutila.fi\/wp-content\/uploads\/2021\/08\/IMG_5317-1-edited-169x300.jpg 169w\" sizes=\"auto, (max-width: 360px) 100vw, 360px\" \/><\/figure>\n<\/div>\n<\/div>\n\n\n","protected":false},"excerpt":{"rendered":"<p>Marjat Arvolan luomutilalla istutettiin esnimm\u00e4isen kerran luomumansikkaa ja -vadelmaa kes\u00e4ll\u00e4 2020 sek\u00e4 luomuraparperia 2021. T\u00e4ll\u00e4 hetkell\u00e4 kaikki mansikka-, vadelma- ja raparperituotanto on Ruokaviraston tarkastamaa luomua&hellip;<\/p>\n","protected":false},"author":1,"featured_media":133,"parent":0,"menu_order":0,"comment_status":"closed","ping_status":"closed","template":"","meta":{"footnotes":""},"class_list":["post-132","page","type-page","status-publish","has-post-thumbnail","hentry"],"yoast_head":"<!-- This site is optimized with the Yoast SEO plugin v27.4 - https:\/\/yoast.com\/product\/yoast-seo-wordpress\/ -->\n<title>Marjat - Mansikkaa ja vadelmaa Arvolan Luomutilalta!<\/title>\n<meta name=\"description\" content=\"Arvolan luomutilalla istutetaan luomumansikkaa ja vadelmaa kes\u00e4ll\u00e4 2020. Luomuun siirtyminen kest\u00e4\u00e4 marjoilla 3 vuotta, eli voimme myyd\u00e4 luomumansikkaa ja vadelmaa 2023 kes\u00e4ll\u00e4.\" \/>\n<meta name=\"robots\" content=\"index, follow, max-snippet:-1, max-image-preview:large, max-video-preview:-1\" \/>\n<link rel=\"canonical\" href=\"https:\/\/arvolanluomutila.fi\/index.php\/marjat\/\" \/>\n<meta property=\"og:locale\" content=\"fi_FI\" \/>\n<meta property=\"og:type\" content=\"article\" \/>\n<meta property=\"og:title\" content=\"Marjat - Mansikkaa ja vadelmaa Arvolan Luomutilalta!\" \/>\n<meta property=\"og:description\" content=\"Arvolan luomutilalla istutetaan luomumansikkaa ja vadelmaa kes\u00e4ll\u00e4 2020. Luomuun siirtyminen kest\u00e4\u00e4 marjoilla 3 vuotta, eli voimme myyd\u00e4 luomumansikkaa ja vadelmaa 2023 kes\u00e4ll\u00e4.\" \/>\n<meta property=\"og:url\" content=\"https:\/\/arvolanluomutila.fi\/index.php\/marjat\/\" \/>\n<meta property=\"article:modified_time\" content=\"2024-11-22T12:25:54+00:00\" \/>\n<meta property=\"og:image\" content=\"https:\/\/arvolanluomutila.fi\/wp-content\/uploads\/2020\/05\/strawberries-1339969_1920.jpg\" \/>\n\t<meta property=\"og:image:width\" content=\"1920\" \/>\n\t<meta property=\"og:image:height\" content=\"1281\" \/>\n\t<meta property=\"og:image:type\" content=\"image\/jpeg\" \/>\n<meta name=\"twitter:card\" content=\"summary_large_image\" \/>\n<meta name=\"twitter:label1\" content=\"Arvioitu lukuaika\" \/>\n\t<meta name=\"twitter:data1\" content=\"1 minuutti\" \/>\n<script type=\"application\/ld+json\" class=\"yoast-schema-graph\">{\"@context\":\"https:\\\/\\\/schema.org\",\"@graph\":[{\"@type\":\"WebPage\",\"@id\":\"https:\\\/\\\/arvolanluomutila.fi\\\/index.php\\\/marjat\\\/\",\"url\":\"https:\\\/\\\/arvolanluomutila.fi\\\/index.php\\\/marjat\\\/\",\"name\":\"Marjat - Mansikkaa ja vadelmaa Arvolan Luomutilalta!\",\"isPartOf\":{\"@id\":\"https:\\\/\\\/arvolanluomutila.fi\\\/#website\"},\"primaryImageOfPage\":{\"@id\":\"https:\\\/\\\/arvolanluomutila.fi\\\/index.php\\\/marjat\\\/#primaryimage\"},\"image\":{\"@id\":\"https:\\\/\\\/arvolanluomutila.fi\\\/index.php\\\/marjat\\\/#primaryimage\"},\"thumbnailUrl\":\"https:\\\/\\\/arvolanluomutila.fi\\\/wp-content\\\/uploads\\\/2020\\\/05\\\/strawberries-1339969_1920.jpg\",\"datePublished\":\"2020-05-18T12:27:50+00:00\",\"dateModified\":\"2024-11-22T12:25:54+00:00\",\"description\":\"Arvolan luomutilalla istutetaan luomumansikkaa ja vadelmaa kes\u00e4ll\u00e4 2020. Luomuun siirtyminen kest\u00e4\u00e4 marjoilla 3 vuotta, eli voimme myyd\u00e4 luomumansikkaa ja vadelmaa 2023 kes\u00e4ll\u00e4.\",\"breadcrumb\":{\"@id\":\"https:\\\/\\\/arvolanluomutila.fi\\\/index.php\\\/marjat\\\/#breadcrumb\"},\"inLanguage\":\"fi\",\"potentialAction\":[{\"@type\":\"ReadAction\",\"target\":[\"https:\\\/\\\/arvolanluomutila.fi\\\/index.php\\\/marjat\\\/\"]}]},{\"@type\":\"ImageObject\",\"inLanguage\":\"fi\",\"@id\":\"https:\\\/\\\/arvolanluomutila.fi\\\/index.php\\\/marjat\\\/#primaryimage\",\"url\":\"https:\\\/\\\/arvolanluomutila.fi\\\/wp-content\\\/uploads\\\/2020\\\/05\\\/strawberries-1339969_1920.jpg\",\"contentUrl\":\"https:\\\/\\\/arvolanluomutila.fi\\\/wp-content\\\/uploads\\\/2020\\\/05\\\/strawberries-1339969_1920.jpg\",\"width\":1920,\"height\":1281},{\"@type\":\"BreadcrumbList\",\"@id\":\"https:\\\/\\\/arvolanluomutila.fi\\\/index.php\\\/marjat\\\/#breadcrumb\",\"itemListElement\":[{\"@type\":\"ListItem\",\"position\":1,\"name\":\"Home\",\"item\":\"https:\\\/\\\/arvolanluomutila.fi\\\/\"},{\"@type\":\"ListItem\",\"position\":2,\"name\":\"Marjat\"}]},{\"@type\":\"WebSite\",\"@id\":\"https:\\\/\\\/arvolanluomutila.fi\\\/#website\",\"url\":\"https:\\\/\\\/arvolanluomutila.fi\\\/\",\"name\":\"\",\"description\":\"\",\"potentialAction\":[{\"@type\":\"SearchAction\",\"target\":{\"@type\":\"EntryPoint\",\"urlTemplate\":\"https:\\\/\\\/arvolanluomutila.fi\\\/?s={search_term_string}\"},\"query-input\":{\"@type\":\"PropertyValueSpecification\",\"valueRequired\":true,\"valueName\":\"search_term_string\"}}],\"inLanguage\":\"fi\"}]}<\/script>\n<!-- \/ Yoast SEO plugin. -->","yoast_head_json":{"title":"Marjat - Mansikkaa ja vadelmaa Arvolan Luomutilalta!","description":"Arvolan luomutilalla istutetaan luomumansikkaa ja vadelmaa kes\u00e4ll\u00e4 2020. Luomuun siirtyminen kest\u00e4\u00e4 marjoilla 3 vuotta, eli voimme myyd\u00e4 luomumansikkaa ja vadelmaa 2023 kes\u00e4ll\u00e4.","robots":{"index":"index","follow":"follow","max-snippet":"max-snippet:-1","max-image-preview":"max-image-preview:large","max-video-preview":"max-video-preview:-1"},"canonical":"https:\/\/arvolanluomutila.fi\/index.php\/marjat\/","og_locale":"fi_FI","og_type":"article","og_title":"Marjat - Mansikkaa ja vadelmaa Arvolan Luomutilalta!","og_description":"Arvolan luomutilalla istutetaan luomumansikkaa ja vadelmaa kes\u00e4ll\u00e4 2020. Luomuun siirtyminen kest\u00e4\u00e4 marjoilla 3 vuotta, eli voimme myyd\u00e4 luomumansikkaa ja vadelmaa 2023 kes\u00e4ll\u00e4.","og_url":"https:\/\/arvolanluomutila.fi\/index.php\/marjat\/","article_modified_time":"2024-11-22T12:25:54+00:00","og_image":[{"width":1920,"height":1281,"url":"https:\/\/arvolanluomutila.fi\/wp-content\/uploads\/2020\/05\/strawberries-1339969_1920.jpg","type":"image\/jpeg"}],"twitter_card":"summary_large_image","twitter_misc":{"Arvioitu lukuaika":"1 minuutti"},"schema":{"@context":"https:\/\/schema.org","@graph":[{"@type":"WebPage","@id":"https:\/\/arvolanluomutila.fi\/index.php\/marjat\/","url":"https:\/\/arvolanluomutila.fi\/index.php\/marjat\/","name":"Marjat - Mansikkaa ja vadelmaa Arvolan Luomutilalta!","isPartOf":{"@id":"https:\/\/arvolanluomutila.fi\/#website"},"primaryImageOfPage":{"@id":"https:\/\/arvolanluomutila.fi\/index.php\/marjat\/#primaryimage"},"image":{"@id":"https:\/\/arvolanluomutila.fi\/index.php\/marjat\/#primaryimage"},"thumbnailUrl":"https:\/\/arvolanluomutila.fi\/wp-content\/uploads\/2020\/05\/strawberries-1339969_1920.jpg","datePublished":"2020-05-18T12:27:50+00:00","dateModified":"2024-11-22T12:25:54+00:00","description":"Arvolan luomutilalla istutetaan luomumansikkaa ja vadelmaa kes\u00e4ll\u00e4 2020. Luomuun siirtyminen kest\u00e4\u00e4 marjoilla 3 vuotta, eli voimme myyd\u00e4 luomumansikkaa ja vadelmaa 2023 kes\u00e4ll\u00e4.","breadcrumb":{"@id":"https:\/\/arvolanluomutila.fi\/index.php\/marjat\/#breadcrumb"},"inLanguage":"fi","potentialAction":[{"@type":"ReadAction","target":["https:\/\/arvolanluomutila.fi\/index.php\/marjat\/"]}]},{"@type":"ImageObject","inLanguage":"fi","@id":"https:\/\/arvolanluomutila.fi\/index.php\/marjat\/#primaryimage","url":"https:\/\/arvolanluomutila.fi\/wp-content\/uploads\/2020\/05\/strawberries-1339969_1920.jpg","contentUrl":"https:\/\/arvolanluomutila.fi\/wp-content\/uploads\/2020\/05\/strawberries-1339969_1920.jpg","width":1920,"height":1281},{"@type":"BreadcrumbList","@id":"https:\/\/arvolanluomutila.fi\/index.php\/marjat\/#breadcrumb","itemListElement":[{"@type":"ListItem","position":1,"name":"Home","item":"https:\/\/arvolanluomutila.fi\/"},{"@type":"ListItem","position":2,"name":"Marjat"}]},{"@type":"WebSite","@id":"https:\/\/arvolanluomutila.fi\/#website","url":"https:\/\/arvolanluomutila.fi\/","name":"","description":"","potentialAction":[{"@type":"SearchAction","target":{"@type":"EntryPoint","urlTemplate":"https:\/\/arvolanluomutila.fi\/?s={search_term_string}"},"query-input":{"@type":"PropertyValueSpecification","valueRequired":true,"valueName":"search_term_string"}}],"inLanguage":"fi"}]}},"_links":{"self":[{"href":"https:\/\/arvolanluomutila.fi\/index.php\/wp-json\/wp\/v2\/pages\/132","targetHints":{"allow":["GET"]}}],"collection":[{"href":"https:\/\/arvolanluomutila.fi\/index.php\/wp-json\/wp\/v2\/pages"}],"about":[{"href":"https:\/\/arvolanluomutila.fi\/index.php\/wp-json\/wp\/v2\/types\/page"}],"author":[{"embeddable":true,"href":"https:\/\/arvolanluomutila.fi\/index.php\/wp-json\/wp\/v2\/users\/1"}],"replies":[{"embeddable":true,"href":"https:\/\/arvolanluomutila.fi\/index.php\/wp-json\/wp\/v2\/comments?post=132"}],"version-history":[{"count":12,"href":"https:\/\/arvolanluomutila.fi\/index.php\/wp-json\/wp\/v2\/pages\/132\/revisions"}],"predecessor-version":[{"id":276,"href":"https:\/\/arvolanluomutila.fi\/index.php\/wp-json\/wp\/v2\/pages\/132\/revisions\/276"}],"wp:featuredmedia":[{"embeddable":true,"href":"https:\/\/arvolanluomutila.fi\/index.php\/wp-json\/wp\/v2\/media\/133"}],"wp:attachment":[{"href":"https:\/\/arvolanluomutila.fi\/index.php\/wp-json\/wp\/v2\/media?parent=132"}],"curies":[{"name":"wp","href":"https:\/\/api.w.org\/{rel}","templated":true}]}}