{"id":166,"date":"2020-11-24T09:08:01","date_gmt":"2020-11-24T09:08:01","guid":{"rendered":"https:\/\/arvolanluomutila.fi\/?page_id=166"},"modified":"2024-11-22T12:58:45","modified_gmt":"2024-11-22T12:58:45","slug":"siitepoly","status":"publish","type":"page","link":"https:\/\/arvolanluomutila.fi\/index.php\/siitepoly\/","title":{"rendered":"Siitep\u00f6ly"},"content":{"rendered":"\n<h2 class=\"wp-block-heading has-text-align-center has-text-color\" style=\"color:#2e911e\">Luomusiitep\u00f6ly &#8211; Superfood<\/h2>\n\n\n\n<p>Mehil\u00e4iset ker\u00e4\u00e4v\u00e4t siitep\u00f6ly\u00e4 meden ohella kukista. Ne sekoittavat siihen mett\u00e4 tai hunajaa, jotta saavat muovattua pallon, siit\u00e4 johtuu siitep\u00f6lyn makeus.<\/p>\n\n\n\n<p>Siitep\u00f6lyn ravintoainekoostumus vaihtelee sen mukaan, mist\u00e4 kasvista se on ker\u00e4tty. Kannattaa siis suosia seoksia, jotta saa monipuolisesti erilaisia ravintoaineita.<\/p>\n\n\n\n<p>Proteiinia siitep\u00f6lyss\u00e4 on 7 &#8211; 35 prosenttia. Lis\u00e4ksi se sis\u00e4lt\u00e4\u00e4 mm. rasvoja, aminohappoja, A-, B-, C- ja E-vitamiineja, mineraaleja, fytosteroleita,&nbsp;flavonoideja ja hiilihydraatteja. K\u00e4yt\u00e4 siitep\u00f6ly\u00e4 p\u00e4ivitt\u00e4in, jotta saat sen parhaat vaikutukset esille. Voit sekoittaa sen jogurttiin, viiliin tai puuroon. Voit my\u00f6s tehd\u00e4 siitep\u00f6lyst\u00e4 juoman. Jos olet allerginen siitep\u00f6lylle, aloita k\u00e4ytt\u00f6 varovasti ja seuraa vaikutuksia. My\u00f6s hunaja sis\u00e4lt\u00e4\u00e4 pieni\u00e4 m\u00e4\u00e4ri\u00e4 siitep\u00f6ly\u00e4.<\/p>\n\n\n\n<p><\/p>\n\n\n\n<p>Luomusiitep\u00f6ly\u00e4 on saatavilla kolmessa eri koossa : 50 g\/ 6\u20ac, 100g\/ 11\u20ac ja 250g\/ 25\u20ac.<\/p>\n\n\n\n<p>L\u00e4het\u00e4mme my\u00f6s luomusiitep\u00f6ly\u00e4 matkahuollon tai postin kautta muualle Suomeen. Lis\u00e4\u00e4mme maksuun l\u00e4hetyskulut kulloisenkin taksan mukaan. Voit tilata luomusiitep\u00f6ly\u00e4 s\u00e4hk\u00f6postitse: arvolantila.matkaniva@gmail.com tai puhelimitse 044 2141034.<\/p>\n\n\n\n<div class=\"wp-block-columns is-layout-flex wp-container-core-columns-is-layout-9d6595d7 wp-block-columns-is-layout-flex\">\n<div class=\"wp-block-column is-layout-flow wp-block-column-is-layout-flow\"><div class=\"wp-block-image\">\n<figure class=\"aligncenter size-large is-resized\"><img loading=\"lazy\" decoding=\"async\" width=\"684\" height=\"684\" src=\"https:\/\/arvolanluomutila.fi\/wp-content\/uploads\/2021\/08\/siitepoly-erivarit-a-edited.jpg\" alt=\"\" class=\"wp-image-195\" style=\"width:411px;height:411px\" srcset=\"https:\/\/arvolanluomutila.fi\/wp-content\/uploads\/2021\/08\/siitepoly-erivarit-a-edited.jpg 684w, https:\/\/arvolanluomutila.fi\/wp-content\/uploads\/2021\/08\/siitepoly-erivarit-a-edited-300x300.jpg 300w, https:\/\/arvolanluomutila.fi\/wp-content\/uploads\/2021\/08\/siitepoly-erivarit-a-edited-150x150.jpg 150w\" sizes=\"auto, (max-width: 684px) 100vw, 684px\" \/><figcaption class=\"wp-element-caption\">Siitep\u00f6lyn v\u00e4ri vaihtelee sen mukaan, mist\u00e4 kukasta se on ker\u00e4tty. <\/figcaption><\/figure><\/div><\/div>\n\n\n\n<div class=\"wp-block-column is-layout-flow wp-block-column-is-layout-flow\"><div class=\"wp-block-image\">\n<figure class=\"aligncenter size-full\"><img loading=\"lazy\" decoding=\"async\" width=\"699\" height=\"839\" src=\"https:\/\/arvolanluomutila.fi\/wp-content\/uploads\/2024\/11\/siitepolyt-2023.jpg\" alt=\"\" class=\"wp-image-284\" srcset=\"https:\/\/arvolanluomutila.fi\/wp-content\/uploads\/2024\/11\/siitepolyt-2023.jpg 699w, https:\/\/arvolanluomutila.fi\/wp-content\/uploads\/2024\/11\/siitepolyt-2023-250x300.jpg 250w\" sizes=\"auto, (max-width: 699px) 100vw, 699px\" \/><figcaption class=\"wp-element-caption\">Luomusiitep\u00f6ly\u00e4 saa kolmessa eri kokoisessa pussissa.<\/figcaption><\/figure><\/div><\/div>\n<\/div>\n\n\n\n<figure class=\"wp-block-image size-large\"><img loading=\"lazy\" decoding=\"async\" width=\"1024\" height=\"787\" src=\"https:\/\/arvolanluomutila.fi\/wp-content\/uploads\/2024\/11\/lahjapakkaus-A-1024x787.jpg\" alt=\"\" class=\"wp-image-279\" srcset=\"https:\/\/arvolanluomutila.fi\/wp-content\/uploads\/2024\/11\/lahjapakkaus-A-1024x787.jpg 1024w, https:\/\/arvolanluomutila.fi\/wp-content\/uploads\/2024\/11\/lahjapakkaus-A-300x231.jpg 300w, https:\/\/arvolanluomutila.fi\/wp-content\/uploads\/2024\/11\/lahjapakkaus-A-768x591.jpg 768w, https:\/\/arvolanluomutila.fi\/wp-content\/uploads\/2024\/11\/lahjapakkaus-A.jpg 1091w\" sizes=\"auto, (max-width: 1024px) 100vw, 1024px\" \/><figcaption class=\"wp-element-caption\">Lahjapakkauksessa on 300g lasipurkki luomuhunajaa sek\u00e4 25g pieni lasinen n\u00e4ytepurkki luomusiitep\u00f6ly\u00e4, hinta 10\u20ac<\/figcaption><\/figure>\n","protected":false},"excerpt":{"rendered":"<p>Luomusiitep\u00f6ly &#8211; Superfood Mehil\u00e4iset ker\u00e4\u00e4v\u00e4t siitep\u00f6ly\u00e4 meden ohella kukista. Ne sekoittavat siihen mett\u00e4 tai hunajaa, jotta saavat muovattua pallon, siit\u00e4 johtuu siitep\u00f6lyn makeus. Siitep\u00f6lyn ravintoainekoostumus&hellip;<\/p>\n","protected":false},"author":1,"featured_media":172,"parent":0,"menu_order":0,"comment_status":"closed","ping_status":"closed","template":"","meta":{"footnotes":""},"class_list":["post-166","page","type-page","status-publish","has-post-thumbnail","hentry"],"yoast_head":"<!-- This site is optimized with the Yoast SEO plugin v27.4 - https:\/\/yoast.com\/product\/yoast-seo-wordpress\/ -->\n<title>Siitep\u00f6ly - Superfood<\/title>\n<meta name=\"description\" content=\"Siitep\u00f6ly on superfoodia parhaimmillaan! Siitep\u00f6lyn ravintoainekoostumus vaihtelee sen mukaan, mist\u00e4 kasvista se on ker\u00e4tty. Kannattaa siis suosia seoksia, jotta saa monipuolisesti erilaisia ravintoaineita.\" \/>\n<meta name=\"robots\" content=\"index, follow, max-snippet:-1, max-image-preview:large, max-video-preview:-1\" \/>\n<link rel=\"canonical\" href=\"https:\/\/arvolanluomutila.fi\/index.php\/siitepoly\/\" \/>\n<meta property=\"og:locale\" content=\"fi_FI\" \/>\n<meta property=\"og:type\" content=\"article\" \/>\n<meta property=\"og:title\" content=\"Siitep\u00f6ly - Superfood\" \/>\n<meta property=\"og:description\" content=\"Siitep\u00f6ly on superfoodia parhaimmillaan! Siitep\u00f6lyn ravintoainekoostumus vaihtelee sen mukaan, mist\u00e4 kasvista se on ker\u00e4tty. Kannattaa siis suosia seoksia, jotta saa monipuolisesti erilaisia ravintoaineita.\" \/>\n<meta property=\"og:url\" content=\"https:\/\/arvolanluomutila.fi\/index.php\/siitepoly\/\" \/>\n<meta property=\"article:modified_time\" content=\"2024-11-22T12:58:45+00:00\" \/>\n<meta property=\"og:image\" content=\"https:\/\/arvolanluomutila.fi\/wp-content\/uploads\/2020\/11\/bee-172665.jpg\" \/>\n\t<meta property=\"og:image:width\" content=\"1920\" \/>\n\t<meta property=\"og:image:height\" content=\"754\" \/>\n\t<meta property=\"og:image:type\" content=\"image\/jpeg\" \/>\n<meta name=\"twitter:card\" content=\"summary_large_image\" \/>\n<meta name=\"twitter:label1\" content=\"Arvioitu lukuaika\" \/>\n\t<meta name=\"twitter:data1\" content=\"2 minuuttia\" \/>\n<script type=\"application\/ld+json\" class=\"yoast-schema-graph\">{\"@context\":\"https:\\\/\\\/schema.org\",\"@graph\":[{\"@type\":\"WebPage\",\"@id\":\"https:\\\/\\\/arvolanluomutila.fi\\\/index.php\\\/siitepoly\\\/\",\"url\":\"https:\\\/\\\/arvolanluomutila.fi\\\/index.php\\\/siitepoly\\\/\",\"name\":\"Siitep\u00f6ly - Superfood\",\"isPartOf\":{\"@id\":\"https:\\\/\\\/arvolanluomutila.fi\\\/#website\"},\"primaryImageOfPage\":{\"@id\":\"https:\\\/\\\/arvolanluomutila.fi\\\/index.php\\\/siitepoly\\\/#primaryimage\"},\"image\":{\"@id\":\"https:\\\/\\\/arvolanluomutila.fi\\\/index.php\\\/siitepoly\\\/#primaryimage\"},\"thumbnailUrl\":\"https:\\\/\\\/arvolanluomutila.fi\\\/wp-content\\\/uploads\\\/2020\\\/11\\\/bee-172665.jpg\",\"datePublished\":\"2020-11-24T09:08:01+00:00\",\"dateModified\":\"2024-11-22T12:58:45+00:00\",\"description\":\"Siitep\u00f6ly on superfoodia parhaimmillaan! Siitep\u00f6lyn ravintoainekoostumus vaihtelee sen mukaan, mist\u00e4 kasvista se on ker\u00e4tty. Kannattaa siis suosia seoksia, jotta saa monipuolisesti erilaisia ravintoaineita.\",\"breadcrumb\":{\"@id\":\"https:\\\/\\\/arvolanluomutila.fi\\\/index.php\\\/siitepoly\\\/#breadcrumb\"},\"inLanguage\":\"fi\",\"potentialAction\":[{\"@type\":\"ReadAction\",\"target\":[\"https:\\\/\\\/arvolanluomutila.fi\\\/index.php\\\/siitepoly\\\/\"]}]},{\"@type\":\"ImageObject\",\"inLanguage\":\"fi\",\"@id\":\"https:\\\/\\\/arvolanluomutila.fi\\\/index.php\\\/siitepoly\\\/#primaryimage\",\"url\":\"https:\\\/\\\/arvolanluomutila.fi\\\/wp-content\\\/uploads\\\/2020\\\/11\\\/bee-172665.jpg\",\"contentUrl\":\"https:\\\/\\\/arvolanluomutila.fi\\\/wp-content\\\/uploads\\\/2020\\\/11\\\/bee-172665.jpg\",\"width\":1920,\"height\":754},{\"@type\":\"BreadcrumbList\",\"@id\":\"https:\\\/\\\/arvolanluomutila.fi\\\/index.php\\\/siitepoly\\\/#breadcrumb\",\"itemListElement\":[{\"@type\":\"ListItem\",\"position\":1,\"name\":\"Home\",\"item\":\"https:\\\/\\\/arvolanluomutila.fi\\\/\"},{\"@type\":\"ListItem\",\"position\":2,\"name\":\"Siitep\u00f6ly\"}]},{\"@type\":\"WebSite\",\"@id\":\"https:\\\/\\\/arvolanluomutila.fi\\\/#website\",\"url\":\"https:\\\/\\\/arvolanluomutila.fi\\\/\",\"name\":\"\",\"description\":\"\",\"potentialAction\":[{\"@type\":\"SearchAction\",\"target\":{\"@type\":\"EntryPoint\",\"urlTemplate\":\"https:\\\/\\\/arvolanluomutila.fi\\\/?s={search_term_string}\"},\"query-input\":{\"@type\":\"PropertyValueSpecification\",\"valueRequired\":true,\"valueName\":\"search_term_string\"}}],\"inLanguage\":\"fi\"}]}<\/script>\n<!-- \/ Yoast SEO plugin. -->","yoast_head_json":{"title":"Siitep\u00f6ly - Superfood","description":"Siitep\u00f6ly on superfoodia parhaimmillaan! Siitep\u00f6lyn ravintoainekoostumus vaihtelee sen mukaan, mist\u00e4 kasvista se on ker\u00e4tty. Kannattaa siis suosia seoksia, jotta saa monipuolisesti erilaisia ravintoaineita.","robots":{"index":"index","follow":"follow","max-snippet":"max-snippet:-1","max-image-preview":"max-image-preview:large","max-video-preview":"max-video-preview:-1"},"canonical":"https:\/\/arvolanluomutila.fi\/index.php\/siitepoly\/","og_locale":"fi_FI","og_type":"article","og_title":"Siitep\u00f6ly - Superfood","og_description":"Siitep\u00f6ly on superfoodia parhaimmillaan! Siitep\u00f6lyn ravintoainekoostumus vaihtelee sen mukaan, mist\u00e4 kasvista se on ker\u00e4tty. Kannattaa siis suosia seoksia, jotta saa monipuolisesti erilaisia ravintoaineita.","og_url":"https:\/\/arvolanluomutila.fi\/index.php\/siitepoly\/","article_modified_time":"2024-11-22T12:58:45+00:00","og_image":[{"width":1920,"height":754,"url":"https:\/\/arvolanluomutila.fi\/wp-content\/uploads\/2020\/11\/bee-172665.jpg","type":"image\/jpeg"}],"twitter_card":"summary_large_image","twitter_misc":{"Arvioitu lukuaika":"2 minuuttia"},"schema":{"@context":"https:\/\/schema.org","@graph":[{"@type":"WebPage","@id":"https:\/\/arvolanluomutila.fi\/index.php\/siitepoly\/","url":"https:\/\/arvolanluomutila.fi\/index.php\/siitepoly\/","name":"Siitep\u00f6ly - Superfood","isPartOf":{"@id":"https:\/\/arvolanluomutila.fi\/#website"},"primaryImageOfPage":{"@id":"https:\/\/arvolanluomutila.fi\/index.php\/siitepoly\/#primaryimage"},"image":{"@id":"https:\/\/arvolanluomutila.fi\/index.php\/siitepoly\/#primaryimage"},"thumbnailUrl":"https:\/\/arvolanluomutila.fi\/wp-content\/uploads\/2020\/11\/bee-172665.jpg","datePublished":"2020-11-24T09:08:01+00:00","dateModified":"2024-11-22T12:58:45+00:00","description":"Siitep\u00f6ly on superfoodia parhaimmillaan! Siitep\u00f6lyn ravintoainekoostumus vaihtelee sen mukaan, mist\u00e4 kasvista se on ker\u00e4tty. Kannattaa siis suosia seoksia, jotta saa monipuolisesti erilaisia ravintoaineita.","breadcrumb":{"@id":"https:\/\/arvolanluomutila.fi\/index.php\/siitepoly\/#breadcrumb"},"inLanguage":"fi","potentialAction":[{"@type":"ReadAction","target":["https:\/\/arvolanluomutila.fi\/index.php\/siitepoly\/"]}]},{"@type":"ImageObject","inLanguage":"fi","@id":"https:\/\/arvolanluomutila.fi\/index.php\/siitepoly\/#primaryimage","url":"https:\/\/arvolanluomutila.fi\/wp-content\/uploads\/2020\/11\/bee-172665.jpg","contentUrl":"https:\/\/arvolanluomutila.fi\/wp-content\/uploads\/2020\/11\/bee-172665.jpg","width":1920,"height":754},{"@type":"BreadcrumbList","@id":"https:\/\/arvolanluomutila.fi\/index.php\/siitepoly\/#breadcrumb","itemListElement":[{"@type":"ListItem","position":1,"name":"Home","item":"https:\/\/arvolanluomutila.fi\/"},{"@type":"ListItem","position":2,"name":"Siitep\u00f6ly"}]},{"@type":"WebSite","@id":"https:\/\/arvolanluomutila.fi\/#website","url":"https:\/\/arvolanluomutila.fi\/","name":"","description":"","potentialAction":[{"@type":"SearchAction","target":{"@type":"EntryPoint","urlTemplate":"https:\/\/arvolanluomutila.fi\/?s={search_term_string}"},"query-input":{"@type":"PropertyValueSpecification","valueRequired":true,"valueName":"search_term_string"}}],"inLanguage":"fi"}]}},"_links":{"self":[{"href":"https:\/\/arvolanluomutila.fi\/index.php\/wp-json\/wp\/v2\/pages\/166","targetHints":{"allow":["GET"]}}],"collection":[{"href":"https:\/\/arvolanluomutila.fi\/index.php\/wp-json\/wp\/v2\/pages"}],"about":[{"href":"https:\/\/arvolanluomutila.fi\/index.php\/wp-json\/wp\/v2\/types\/page"}],"author":[{"embeddable":true,"href":"https:\/\/arvolanluomutila.fi\/index.php\/wp-json\/wp\/v2\/users\/1"}],"replies":[{"embeddable":true,"href":"https:\/\/arvolanluomutila.fi\/index.php\/wp-json\/wp\/v2\/comments?post=166"}],"version-history":[{"count":13,"href":"https:\/\/arvolanluomutila.fi\/index.php\/wp-json\/wp\/v2\/pages\/166\/revisions"}],"predecessor-version":[{"id":291,"href":"https:\/\/arvolanluomutila.fi\/index.php\/wp-json\/wp\/v2\/pages\/166\/revisions\/291"}],"wp:featuredmedia":[{"embeddable":true,"href":"https:\/\/arvolanluomutila.fi\/index.php\/wp-json\/wp\/v2\/media\/172"}],"wp:attachment":[{"href":"https:\/\/arvolanluomutila.fi\/index.php\/wp-json\/wp\/v2\/media?parent=166"}],"curies":[{"name":"wp","href":"https:\/\/api.w.org\/{rel}","templated":true}]}}