{"id":17,"date":"2020-05-04T13:55:58","date_gmt":"2020-05-04T13:55:58","guid":{"rendered":"https:\/\/arvolanluomutila.fi\/?page_id=17"},"modified":"2021-08-21T09:26:08","modified_gmt":"2021-08-21T09:26:08","slug":"arvolan-luomutila","status":"publish","type":"page","link":"https:\/\/arvolanluomutila.fi\/index.php\/arvolan-luomutila\/","title":{"rendered":"Tilan tarina"},"content":{"rendered":"\n<h2 class=\"has-text-align-center has-text-color wp-block-heading\" style=\"color:#2e911e\">Tilan tarina<\/h2>\n\n\n\n<div class=\"wp-block-columns is-layout-flex wp-container-core-columns-is-layout-9d6595d7 wp-block-columns-is-layout-flex\">\n<div class=\"wp-block-column is-layout-flow wp-block-column-is-layout-flow\">\n<figure class=\"wp-block-image size-large\"><img loading=\"lazy\" decoding=\"async\" width=\"1024\" height=\"768\" src=\"https:\/\/arvolanluomutila.fi\/wp-content\/uploads\/2020\/05\/IMG_2751-1024x768.jpg\" alt=\"\" class=\"wp-image-23\" srcset=\"https:\/\/arvolanluomutila.fi\/wp-content\/uploads\/2020\/05\/IMG_2751-1024x768.jpg 1024w, https:\/\/arvolanluomutila.fi\/wp-content\/uploads\/2020\/05\/IMG_2751-300x225.jpg 300w, https:\/\/arvolanluomutila.fi\/wp-content\/uploads\/2020\/05\/IMG_2751-768x576.jpg 768w, https:\/\/arvolanluomutila.fi\/wp-content\/uploads\/2020\/05\/IMG_2751-1536x1152.jpg 1536w, https:\/\/arvolanluomutila.fi\/wp-content\/uploads\/2020\/05\/IMG_2751-2048x1536.jpg 2048w\" sizes=\"auto, (max-width: 1024px) 100vw, 1024px\" \/><\/figure>\n<\/div>\n\n\n\n<div class=\"wp-block-column is-layout-flow wp-block-column-is-layout-flow\">\n<p>Tarina alkaa 1800-luvun lopulta, jolloin Iida-Maria Lepist\u00f6 syntyi Limingassa. Nuorena tytt\u00f6n\u00e4 h\u00e4n p\u00e4\u00e4tti l\u00e4hte\u00e4 Haapavedelle meijerik\u00f6ksi ja tapasi siell\u00e4 tulevan miehens\u00e4 Oskari Taskilan. Oskarin kanssa Iida-Maria muutti Matkanivaan, Keskitaloon ja he saivat kolme tyt\u00e4rt\u00e4. N\u00e4ist\u00e4 nuorin, Martta l\u00f6ysi miehens\u00e4 Arvo Kopolan Mieluskyl\u00e4lt\u00e4.<\/p>\n<\/div>\n<\/div>\n\n\n\n<div class=\"wp-block-columns is-layout-flex wp-container-core-columns-is-layout-9d6595d7 wp-block-columns-is-layout-flex\">\n<div class=\"wp-block-column is-layout-flow wp-block-column-is-layout-flow\">\n<p>1947 vietettiin h\u00e4it\u00e4 ja pian perheeseen saatiin my\u00f6s pikkuvarpaita. Nuori pari sai Keskitalosta lohkotun Mets\u00e4pellon tilan aivan naapurista. Maata viljeltiin ja navetassa oli muutama lehm\u00e4. Lapsiakin siunaantui yhteens\u00e4 viisi. Arvo osti hiukan lis\u00e4\u00e4 peltoa Rantalasta.<\/p>\n<\/div>\n\n\n\n<div class=\"wp-block-column is-layout-flow wp-block-column-is-layout-flow\">\n<div class=\"wp-block-image\"><figure class=\"aligncenter size-large\"><img loading=\"lazy\" decoding=\"async\" width=\"150\" height=\"200\" src=\"https:\/\/arvolanluomutila.fi\/wp-content\/uploads\/2020\/05\/kuva.png\" alt=\"\" class=\"wp-image-24\"\/><\/figure><\/div>\n\n\n\n<p><\/p>\n<\/div>\n<\/div>\n\n\n\n<p>1976 Arvon maallinen matka p\u00e4\u00e4ttyi, h\u00e4nen syd\u00e4mens\u00e4 petti. Sen j\u00e4lkeen heid\u00e4n vanhin tytt\u00e4rens\u00e4 Marja-Liisa miehens\u00e4 Veikko Ypp\u00e4ril\u00e4n kanssa jatkoivat tilalla maanviljely\u00e4 ja karjanhoitoa. Lopulta k\u00e4vi niin kuin monelle muullekin, tilan hoito ei en\u00e4\u00e4 el\u00e4tt\u00e4nyt ja karja laitettiin pois. Maat vuokrattiin muille viljelij\u00f6ille.<\/p>\n\n\n\n<div class=\"wp-block-columns is-layout-flex wp-container-core-columns-is-layout-9d6595d7 wp-block-columns-is-layout-flex\">\n<div class=\"wp-block-column is-layout-flow wp-block-column-is-layout-flow\">\n<div class=\"wp-block-image\"><figure class=\"aligncenter size-large\"><img loading=\"lazy\" decoding=\"async\" width=\"206\" height=\"309\" src=\"https:\/\/arvolanluomutila.fi\/wp-content\/uploads\/2020\/05\/h\u00e4\u00e4kuva.png\" alt=\"\" class=\"wp-image-148\" srcset=\"https:\/\/arvolanluomutila.fi\/wp-content\/uploads\/2020\/05\/h\u00e4\u00e4kuva.png 206w, https:\/\/arvolanluomutila.fi\/wp-content\/uploads\/2020\/05\/h\u00e4\u00e4kuva-200x300.png 200w\" sizes=\"auto, (max-width: 206px) 100vw, 206px\" \/><\/figure><\/div>\n<\/div>\n\n\n\n<div class=\"wp-block-column is-layout-flow wp-block-column-is-layout-flow\">\n<p>2016 Marja-Liisan vanhin tyt\u00e4r Marika muutti takaisin kotiseudulleen miehens\u00e4 Ahti Aunon kanssa. He saivat palan Arvon ostamaa peltoa Rantalan aavalta ja rakensivat siihen talon.<\/p>\n\n\n\n<p>Tila nimettiin papan mukaan Arvolaksi.<\/p>\n\n\n\n<p>2019 perustettiin osakeyhti\u00f6: Arvolan Luomutila OY, jonka tavoitteena on tuottaa puhdasta luomuruokaa suomalaisille.<\/p>\n\n\n\n<p>Tila keskittyy marjantuotantoon ja mehil\u00e4istuotteisiin.<\/p>\n<\/div>\n<\/div>\n","protected":false},"excerpt":{"rendered":"<p>Tilan tarina Tarina alkaa 1800-luvun lopulta, jolloin Iida-Maria Lepist\u00f6 syntyi Limingassa. Nuorena tytt\u00f6n\u00e4 h\u00e4n p\u00e4\u00e4tti l\u00e4hte\u00e4 Haapavedelle meijerik\u00f6ksi ja tapasi siell\u00e4 tulevan miehens\u00e4 Oskari Taskilan.&hellip;<\/p>\n","protected":false},"author":1,"featured_media":86,"parent":0,"menu_order":0,"comment_status":"closed","ping_status":"closed","template":"","meta":{"footnotes":""},"class_list":["post-17","page","type-page","status-publish","has-post-thumbnail","hentry"],"yoast_head":"<!-- This site is optimized with the Yoast SEO plugin v27.4 - https:\/\/yoast.com\/product\/yoast-seo-wordpress\/ -->\n<title>Tilan tarina - Arvolan Luomutilan tarina<\/title>\n<meta name=\"description\" content=\"Tilan tarina alkaa jo 1800-luvulta, kun Limingasta kotoisin oleva Iida-Maria Lepist\u00f6 muutti Haapavedelle meijerik\u00f6ksi ja tapasi siell\u00e4 tulevan miehens\u00e4 Oskari Taskilan.\" \/>\n<meta name=\"robots\" content=\"index, follow, max-snippet:-1, max-image-preview:large, max-video-preview:-1\" \/>\n<link rel=\"canonical\" href=\"https:\/\/arvolanluomutila.fi\/index.php\/arvolan-luomutila\/\" \/>\n<meta property=\"og:locale\" content=\"fi_FI\" \/>\n<meta property=\"og:type\" content=\"article\" \/>\n<meta property=\"og:title\" content=\"Tilan tarina - Arvolan Luomutilan tarina\" \/>\n<meta property=\"og:description\" content=\"Tilan tarina alkaa jo 1800-luvulta, kun Limingasta kotoisin oleva Iida-Maria Lepist\u00f6 muutti Haapavedelle meijerik\u00f6ksi ja tapasi siell\u00e4 tulevan miehens\u00e4 Oskari Taskilan.\" \/>\n<meta property=\"og:url\" content=\"https:\/\/arvolanluomutila.fi\/index.php\/arvolan-luomutila\/\" \/>\n<meta property=\"article:modified_time\" content=\"2021-08-21T09:26:08+00:00\" \/>\n<meta property=\"og:image\" content=\"https:\/\/arvolanluomutila.fi\/wp-content\/uploads\/2020\/05\/IMG_2752-scaled.jpg\" \/>\n\t<meta property=\"og:image:width\" content=\"2560\" \/>\n\t<meta property=\"og:image:height\" content=\"1920\" \/>\n\t<meta property=\"og:image:type\" content=\"image\/jpeg\" \/>\n<meta name=\"twitter:card\" content=\"summary_large_image\" \/>\n<meta name=\"twitter:label1\" content=\"Arvioitu lukuaika\" \/>\n\t<meta name=\"twitter:data1\" content=\"2 minuuttia\" \/>\n<script type=\"application\/ld+json\" class=\"yoast-schema-graph\">{\"@context\":\"https:\\\/\\\/schema.org\",\"@graph\":[{\"@type\":\"WebPage\",\"@id\":\"https:\\\/\\\/arvolanluomutila.fi\\\/index.php\\\/arvolan-luomutila\\\/\",\"url\":\"https:\\\/\\\/arvolanluomutila.fi\\\/index.php\\\/arvolan-luomutila\\\/\",\"name\":\"Tilan tarina - Arvolan Luomutilan tarina\",\"isPartOf\":{\"@id\":\"https:\\\/\\\/arvolanluomutila.fi\\\/#website\"},\"primaryImageOfPage\":{\"@id\":\"https:\\\/\\\/arvolanluomutila.fi\\\/index.php\\\/arvolan-luomutila\\\/#primaryimage\"},\"image\":{\"@id\":\"https:\\\/\\\/arvolanluomutila.fi\\\/index.php\\\/arvolan-luomutila\\\/#primaryimage\"},\"thumbnailUrl\":\"https:\\\/\\\/arvolanluomutila.fi\\\/wp-content\\\/uploads\\\/2020\\\/05\\\/IMG_2752-scaled.jpg\",\"datePublished\":\"2020-05-04T13:55:58+00:00\",\"dateModified\":\"2021-08-21T09:26:08+00:00\",\"description\":\"Tilan tarina alkaa jo 1800-luvulta, kun Limingasta kotoisin oleva Iida-Maria Lepist\u00f6 muutti Haapavedelle meijerik\u00f6ksi ja tapasi siell\u00e4 tulevan miehens\u00e4 Oskari Taskilan.\",\"breadcrumb\":{\"@id\":\"https:\\\/\\\/arvolanluomutila.fi\\\/index.php\\\/arvolan-luomutila\\\/#breadcrumb\"},\"inLanguage\":\"fi\",\"potentialAction\":[{\"@type\":\"ReadAction\",\"target\":[\"https:\\\/\\\/arvolanluomutila.fi\\\/index.php\\\/arvolan-luomutila\\\/\"]}]},{\"@type\":\"ImageObject\",\"inLanguage\":\"fi\",\"@id\":\"https:\\\/\\\/arvolanluomutila.fi\\\/index.php\\\/arvolan-luomutila\\\/#primaryimage\",\"url\":\"https:\\\/\\\/arvolanluomutila.fi\\\/wp-content\\\/uploads\\\/2020\\\/05\\\/IMG_2752-scaled.jpg\",\"contentUrl\":\"https:\\\/\\\/arvolanluomutila.fi\\\/wp-content\\\/uploads\\\/2020\\\/05\\\/IMG_2752-scaled.jpg\",\"width\":2560,\"height\":1920},{\"@type\":\"BreadcrumbList\",\"@id\":\"https:\\\/\\\/arvolanluomutila.fi\\\/index.php\\\/arvolan-luomutila\\\/#breadcrumb\",\"itemListElement\":[{\"@type\":\"ListItem\",\"position\":1,\"name\":\"Home\",\"item\":\"https:\\\/\\\/arvolanluomutila.fi\\\/\"},{\"@type\":\"ListItem\",\"position\":2,\"name\":\"Tilan tarina\"}]},{\"@type\":\"WebSite\",\"@id\":\"https:\\\/\\\/arvolanluomutila.fi\\\/#website\",\"url\":\"https:\\\/\\\/arvolanluomutila.fi\\\/\",\"name\":\"\",\"description\":\"\",\"potentialAction\":[{\"@type\":\"SearchAction\",\"target\":{\"@type\":\"EntryPoint\",\"urlTemplate\":\"https:\\\/\\\/arvolanluomutila.fi\\\/?s={search_term_string}\"},\"query-input\":{\"@type\":\"PropertyValueSpecification\",\"valueRequired\":true,\"valueName\":\"search_term_string\"}}],\"inLanguage\":\"fi\"}]}<\/script>\n<!-- \/ Yoast SEO plugin. -->","yoast_head_json":{"title":"Tilan tarina - Arvolan Luomutilan tarina","description":"Tilan tarina alkaa jo 1800-luvulta, kun Limingasta kotoisin oleva Iida-Maria Lepist\u00f6 muutti Haapavedelle meijerik\u00f6ksi ja tapasi siell\u00e4 tulevan miehens\u00e4 Oskari Taskilan.","robots":{"index":"index","follow":"follow","max-snippet":"max-snippet:-1","max-image-preview":"max-image-preview:large","max-video-preview":"max-video-preview:-1"},"canonical":"https:\/\/arvolanluomutila.fi\/index.php\/arvolan-luomutila\/","og_locale":"fi_FI","og_type":"article","og_title":"Tilan tarina - Arvolan Luomutilan tarina","og_description":"Tilan tarina alkaa jo 1800-luvulta, kun Limingasta kotoisin oleva Iida-Maria Lepist\u00f6 muutti Haapavedelle meijerik\u00f6ksi ja tapasi siell\u00e4 tulevan miehens\u00e4 Oskari Taskilan.","og_url":"https:\/\/arvolanluomutila.fi\/index.php\/arvolan-luomutila\/","article_modified_time":"2021-08-21T09:26:08+00:00","og_image":[{"width":2560,"height":1920,"url":"https:\/\/arvolanluomutila.fi\/wp-content\/uploads\/2020\/05\/IMG_2752-scaled.jpg","type":"image\/jpeg"}],"twitter_card":"summary_large_image","twitter_misc":{"Arvioitu lukuaika":"2 minuuttia"},"schema":{"@context":"https:\/\/schema.org","@graph":[{"@type":"WebPage","@id":"https:\/\/arvolanluomutila.fi\/index.php\/arvolan-luomutila\/","url":"https:\/\/arvolanluomutila.fi\/index.php\/arvolan-luomutila\/","name":"Tilan tarina - Arvolan Luomutilan tarina","isPartOf":{"@id":"https:\/\/arvolanluomutila.fi\/#website"},"primaryImageOfPage":{"@id":"https:\/\/arvolanluomutila.fi\/index.php\/arvolan-luomutila\/#primaryimage"},"image":{"@id":"https:\/\/arvolanluomutila.fi\/index.php\/arvolan-luomutila\/#primaryimage"},"thumbnailUrl":"https:\/\/arvolanluomutila.fi\/wp-content\/uploads\/2020\/05\/IMG_2752-scaled.jpg","datePublished":"2020-05-04T13:55:58+00:00","dateModified":"2021-08-21T09:26:08+00:00","description":"Tilan tarina alkaa jo 1800-luvulta, kun Limingasta kotoisin oleva Iida-Maria Lepist\u00f6 muutti Haapavedelle meijerik\u00f6ksi ja tapasi siell\u00e4 tulevan miehens\u00e4 Oskari Taskilan.","breadcrumb":{"@id":"https:\/\/arvolanluomutila.fi\/index.php\/arvolan-luomutila\/#breadcrumb"},"inLanguage":"fi","potentialAction":[{"@type":"ReadAction","target":["https:\/\/arvolanluomutila.fi\/index.php\/arvolan-luomutila\/"]}]},{"@type":"ImageObject","inLanguage":"fi","@id":"https:\/\/arvolanluomutila.fi\/index.php\/arvolan-luomutila\/#primaryimage","url":"https:\/\/arvolanluomutila.fi\/wp-content\/uploads\/2020\/05\/IMG_2752-scaled.jpg","contentUrl":"https:\/\/arvolanluomutila.fi\/wp-content\/uploads\/2020\/05\/IMG_2752-scaled.jpg","width":2560,"height":1920},{"@type":"BreadcrumbList","@id":"https:\/\/arvolanluomutila.fi\/index.php\/arvolan-luomutila\/#breadcrumb","itemListElement":[{"@type":"ListItem","position":1,"name":"Home","item":"https:\/\/arvolanluomutila.fi\/"},{"@type":"ListItem","position":2,"name":"Tilan tarina"}]},{"@type":"WebSite","@id":"https:\/\/arvolanluomutila.fi\/#website","url":"https:\/\/arvolanluomutila.fi\/","name":"","description":"","potentialAction":[{"@type":"SearchAction","target":{"@type":"EntryPoint","urlTemplate":"https:\/\/arvolanluomutila.fi\/?s={search_term_string}"},"query-input":{"@type":"PropertyValueSpecification","valueRequired":true,"valueName":"search_term_string"}}],"inLanguage":"fi"}]}},"_links":{"self":[{"href":"https:\/\/arvolanluomutila.fi\/index.php\/wp-json\/wp\/v2\/pages\/17","targetHints":{"allow":["GET"]}}],"collection":[{"href":"https:\/\/arvolanluomutila.fi\/index.php\/wp-json\/wp\/v2\/pages"}],"about":[{"href":"https:\/\/arvolanluomutila.fi\/index.php\/wp-json\/wp\/v2\/types\/page"}],"author":[{"embeddable":true,"href":"https:\/\/arvolanluomutila.fi\/index.php\/wp-json\/wp\/v2\/users\/1"}],"replies":[{"embeddable":true,"href":"https:\/\/arvolanluomutila.fi\/index.php\/wp-json\/wp\/v2\/comments?post=17"}],"version-history":[{"count":15,"href":"https:\/\/arvolanluomutila.fi\/index.php\/wp-json\/wp\/v2\/pages\/17\/revisions"}],"predecessor-version":[{"id":200,"href":"https:\/\/arvolanluomutila.fi\/index.php\/wp-json\/wp\/v2\/pages\/17\/revisions\/200"}],"wp:featuredmedia":[{"embeddable":true,"href":"https:\/\/arvolanluomutila.fi\/index.php\/wp-json\/wp\/v2\/media\/86"}],"wp:attachment":[{"href":"https:\/\/arvolanluomutila.fi\/index.php\/wp-json\/wp\/v2\/media?parent=17"}],"curies":[{"name":"wp","href":"https:\/\/api.w.org\/{rel}","templated":true}]}}