{"id":184,"date":"2021-06-21T14:57:21","date_gmt":"2021-06-21T14:57:21","guid":{"rendered":"https:\/\/arvolanluomutila.fi\/?page_id=184"},"modified":"2024-11-22T13:09:57","modified_gmt":"2024-11-22T13:09:57","slug":"ajankohtaista","status":"publish","type":"page","link":"https:\/\/arvolanluomutila.fi\/index.php\/ajankohtaista\/","title":{"rendered":"Ajankohtaista"},"content":{"rendered":"\n<p>Tuotteitamme saa tilaamalla puhelimitse, s\u00e4hk\u00f6postilla,  Whatsapilla. Voit my\u00f6s hakea suoraan meilt\u00e4 ja lis\u00e4ksi k\u00e4ymme l\u00e4hiseutujen Reko-l\u00e4hiruokajako-tilaisuuksissa noin kerran kuussa. <\/p>\n\n\n\n<p><\/p>\n\n\n\n<p>Luomumansikat ja luomuvadelmat kannattaa varata ajoissa kuten my\u00f6s poiminta-aika, mik\u00e4li haluaa itse poimia luomumarjoja. Ajantasaiset hinnastot l\u00f6yd\u00e4t Facebookista, Instagramista tai soittamalla tilalle. <\/p>\n\n\n\n<p><\/p>\n\n\n\n<p><\/p>\n\n\n\n<p><\/p>\n\n\n\n<figure class=\"wp-block-image size-full\"><img loading=\"lazy\" decoding=\"async\" width=\"839\" height=\"839\" src=\"https:\/\/arvolanluomutila.fi\/wp-content\/uploads\/2024\/11\/kokoelma-2022.jpg\" alt=\"\" class=\"wp-image-294\" srcset=\"https:\/\/arvolanluomutila.fi\/wp-content\/uploads\/2024\/11\/kokoelma-2022.jpg 839w, https:\/\/arvolanluomutila.fi\/wp-content\/uploads\/2024\/11\/kokoelma-2022-300x300.jpg 300w, https:\/\/arvolanluomutila.fi\/wp-content\/uploads\/2024\/11\/kokoelma-2022-150x150.jpg 150w, https:\/\/arvolanluomutila.fi\/wp-content\/uploads\/2024\/11\/kokoelma-2022-768x768.jpg 768w\" sizes=\"auto, (max-width: 839px) 100vw, 839px\" \/><figcaption class=\"wp-element-caption\">created by Polish<\/figcaption><\/figure>\n\n\n\n<p><\/p>\n\n\n\n<p><\/p>\n\n\n\n<p><\/p>\n\n\n\n<p><\/p>\n\n\n\n<p><\/p>\n","protected":false},"excerpt":{"rendered":"<p>Tuotteitamme saa tilaamalla puhelimitse, s\u00e4hk\u00f6postilla, Whatsapilla. Voit my\u00f6s hakea suoraan meilt\u00e4 ja lis\u00e4ksi k\u00e4ymme l\u00e4hiseutujen Reko-l\u00e4hiruokajako-tilaisuuksissa noin kerran kuussa. Luomumansikat ja luomuvadelmat kannattaa varata ajoissa&hellip;<\/p>\n","protected":false},"author":2,"featured_media":232,"parent":0,"menu_order":5,"comment_status":"closed","ping_status":"closed","template":"","meta":{"footnotes":""},"class_list":["post-184","page","type-page","status-publish","has-post-thumbnail","hentry"],"yoast_head":"<!-- This site is optimized with the Yoast SEO plugin v27.4 - https:\/\/yoast.com\/product\/yoast-seo-wordpress\/ -->\n<title>Ajankohtaista -<\/title>\n<meta name=\"robots\" content=\"index, follow, max-snippet:-1, max-image-preview:large, max-video-preview:-1\" \/>\n<link rel=\"canonical\" href=\"https:\/\/arvolanluomutila.fi\/index.php\/ajankohtaista\/\" \/>\n<meta property=\"og:locale\" content=\"fi_FI\" \/>\n<meta property=\"og:type\" content=\"article\" \/>\n<meta property=\"og:title\" content=\"Ajankohtaista -\" \/>\n<meta property=\"og:description\" content=\"Tuotteitamme saa tilaamalla puhelimitse, s\u00e4hk\u00f6postilla, Whatsapilla. Voit my\u00f6s hakea suoraan meilt\u00e4 ja lis\u00e4ksi k\u00e4ymme l\u00e4hiseutujen Reko-l\u00e4hiruokajako-tilaisuuksissa noin kerran kuussa. Luomumansikat ja luomuvadelmat kannattaa varata ajoissa&hellip;\" \/>\n<meta property=\"og:url\" content=\"https:\/\/arvolanluomutila.fi\/index.php\/ajankohtaista\/\" \/>\n<meta property=\"article:modified_time\" content=\"2024-11-22T13:09:57+00:00\" \/>\n<meta property=\"og:image\" content=\"https:\/\/arvolanluomutila.fi\/wp-content\/uploads\/2022\/06\/IMG_8004-rotated-e1656483074423.jpg\" \/>\n\t<meta property=\"og:image:width\" content=\"480\" \/>\n\t<meta property=\"og:image:height\" content=\"457\" \/>\n\t<meta property=\"og:image:type\" content=\"image\/jpeg\" \/>\n<meta name=\"twitter:card\" content=\"summary_large_image\" \/>\n<meta name=\"twitter:label1\" content=\"Arvioitu lukuaika\" \/>\n\t<meta name=\"twitter:data1\" content=\"1 minuutti\" \/>\n<script type=\"application\/ld+json\" class=\"yoast-schema-graph\">{\"@context\":\"https:\\\/\\\/schema.org\",\"@graph\":[{\"@type\":\"WebPage\",\"@id\":\"https:\\\/\\\/arvolanluomutila.fi\\\/index.php\\\/ajankohtaista\\\/\",\"url\":\"https:\\\/\\\/arvolanluomutila.fi\\\/index.php\\\/ajankohtaista\\\/\",\"name\":\"Ajankohtaista -\",\"isPartOf\":{\"@id\":\"https:\\\/\\\/arvolanluomutila.fi\\\/#website\"},\"primaryImageOfPage\":{\"@id\":\"https:\\\/\\\/arvolanluomutila.fi\\\/index.php\\\/ajankohtaista\\\/#primaryimage\"},\"image\":{\"@id\":\"https:\\\/\\\/arvolanluomutila.fi\\\/index.php\\\/ajankohtaista\\\/#primaryimage\"},\"thumbnailUrl\":\"https:\\\/\\\/arvolanluomutila.fi\\\/wp-content\\\/uploads\\\/2022\\\/06\\\/IMG_8004-rotated-e1656483074423.jpg\",\"datePublished\":\"2021-06-21T14:57:21+00:00\",\"dateModified\":\"2024-11-22T13:09:57+00:00\",\"breadcrumb\":{\"@id\":\"https:\\\/\\\/arvolanluomutila.fi\\\/index.php\\\/ajankohtaista\\\/#breadcrumb\"},\"inLanguage\":\"fi\",\"potentialAction\":[{\"@type\":\"ReadAction\",\"target\":[\"https:\\\/\\\/arvolanluomutila.fi\\\/index.php\\\/ajankohtaista\\\/\"]}]},{\"@type\":\"ImageObject\",\"inLanguage\":\"fi\",\"@id\":\"https:\\\/\\\/arvolanluomutila.fi\\\/index.php\\\/ajankohtaista\\\/#primaryimage\",\"url\":\"https:\\\/\\\/arvolanluomutila.fi\\\/wp-content\\\/uploads\\\/2022\\\/06\\\/IMG_8004-rotated-e1656483074423.jpg\",\"contentUrl\":\"https:\\\/\\\/arvolanluomutila.fi\\\/wp-content\\\/uploads\\\/2022\\\/06\\\/IMG_8004-rotated-e1656483074423.jpg\",\"width\":480,\"height\":457},{\"@type\":\"BreadcrumbList\",\"@id\":\"https:\\\/\\\/arvolanluomutila.fi\\\/index.php\\\/ajankohtaista\\\/#breadcrumb\",\"itemListElement\":[{\"@type\":\"ListItem\",\"position\":1,\"name\":\"Home\",\"item\":\"https:\\\/\\\/arvolanluomutila.fi\\\/\"},{\"@type\":\"ListItem\",\"position\":2,\"name\":\"Ajankohtaista\"}]},{\"@type\":\"WebSite\",\"@id\":\"https:\\\/\\\/arvolanluomutila.fi\\\/#website\",\"url\":\"https:\\\/\\\/arvolanluomutila.fi\\\/\",\"name\":\"\",\"description\":\"\",\"potentialAction\":[{\"@type\":\"SearchAction\",\"target\":{\"@type\":\"EntryPoint\",\"urlTemplate\":\"https:\\\/\\\/arvolanluomutila.fi\\\/?s={search_term_string}\"},\"query-input\":{\"@type\":\"PropertyValueSpecification\",\"valueRequired\":true,\"valueName\":\"search_term_string\"}}],\"inLanguage\":\"fi\"}]}<\/script>\n<!-- \/ Yoast SEO plugin. -->","yoast_head_json":{"title":"Ajankohtaista -","robots":{"index":"index","follow":"follow","max-snippet":"max-snippet:-1","max-image-preview":"max-image-preview:large","max-video-preview":"max-video-preview:-1"},"canonical":"https:\/\/arvolanluomutila.fi\/index.php\/ajankohtaista\/","og_locale":"fi_FI","og_type":"article","og_title":"Ajankohtaista -","og_description":"Tuotteitamme saa tilaamalla puhelimitse, s\u00e4hk\u00f6postilla, Whatsapilla. Voit my\u00f6s hakea suoraan meilt\u00e4 ja lis\u00e4ksi k\u00e4ymme l\u00e4hiseutujen Reko-l\u00e4hiruokajako-tilaisuuksissa noin kerran kuussa. Luomumansikat ja luomuvadelmat kannattaa varata ajoissa&hellip;","og_url":"https:\/\/arvolanluomutila.fi\/index.php\/ajankohtaista\/","article_modified_time":"2024-11-22T13:09:57+00:00","og_image":[{"width":480,"height":457,"url":"https:\/\/arvolanluomutila.fi\/wp-content\/uploads\/2022\/06\/IMG_8004-rotated-e1656483074423.jpg","type":"image\/jpeg"}],"twitter_card":"summary_large_image","twitter_misc":{"Arvioitu lukuaika":"1 minuutti"},"schema":{"@context":"https:\/\/schema.org","@graph":[{"@type":"WebPage","@id":"https:\/\/arvolanluomutila.fi\/index.php\/ajankohtaista\/","url":"https:\/\/arvolanluomutila.fi\/index.php\/ajankohtaista\/","name":"Ajankohtaista -","isPartOf":{"@id":"https:\/\/arvolanluomutila.fi\/#website"},"primaryImageOfPage":{"@id":"https:\/\/arvolanluomutila.fi\/index.php\/ajankohtaista\/#primaryimage"},"image":{"@id":"https:\/\/arvolanluomutila.fi\/index.php\/ajankohtaista\/#primaryimage"},"thumbnailUrl":"https:\/\/arvolanluomutila.fi\/wp-content\/uploads\/2022\/06\/IMG_8004-rotated-e1656483074423.jpg","datePublished":"2021-06-21T14:57:21+00:00","dateModified":"2024-11-22T13:09:57+00:00","breadcrumb":{"@id":"https:\/\/arvolanluomutila.fi\/index.php\/ajankohtaista\/#breadcrumb"},"inLanguage":"fi","potentialAction":[{"@type":"ReadAction","target":["https:\/\/arvolanluomutila.fi\/index.php\/ajankohtaista\/"]}]},{"@type":"ImageObject","inLanguage":"fi","@id":"https:\/\/arvolanluomutila.fi\/index.php\/ajankohtaista\/#primaryimage","url":"https:\/\/arvolanluomutila.fi\/wp-content\/uploads\/2022\/06\/IMG_8004-rotated-e1656483074423.jpg","contentUrl":"https:\/\/arvolanluomutila.fi\/wp-content\/uploads\/2022\/06\/IMG_8004-rotated-e1656483074423.jpg","width":480,"height":457},{"@type":"BreadcrumbList","@id":"https:\/\/arvolanluomutila.fi\/index.php\/ajankohtaista\/#breadcrumb","itemListElement":[{"@type":"ListItem","position":1,"name":"Home","item":"https:\/\/arvolanluomutila.fi\/"},{"@type":"ListItem","position":2,"name":"Ajankohtaista"}]},{"@type":"WebSite","@id":"https:\/\/arvolanluomutila.fi\/#website","url":"https:\/\/arvolanluomutila.fi\/","name":"","description":"","potentialAction":[{"@type":"SearchAction","target":{"@type":"EntryPoint","urlTemplate":"https:\/\/arvolanluomutila.fi\/?s={search_term_string}"},"query-input":{"@type":"PropertyValueSpecification","valueRequired":true,"valueName":"search_term_string"}}],"inLanguage":"fi"}]}},"_links":{"self":[{"href":"https:\/\/arvolanluomutila.fi\/index.php\/wp-json\/wp\/v2\/pages\/184","targetHints":{"allow":["GET"]}}],"collection":[{"href":"https:\/\/arvolanluomutila.fi\/index.php\/wp-json\/wp\/v2\/pages"}],"about":[{"href":"https:\/\/arvolanluomutila.fi\/index.php\/wp-json\/wp\/v2\/types\/page"}],"author":[{"embeddable":true,"href":"https:\/\/arvolanluomutila.fi\/index.php\/wp-json\/wp\/v2\/users\/2"}],"replies":[{"embeddable":true,"href":"https:\/\/arvolanluomutila.fi\/index.php\/wp-json\/wp\/v2\/comments?post=184"}],"version-history":[{"count":12,"href":"https:\/\/arvolanluomutila.fi\/index.php\/wp-json\/wp\/v2\/pages\/184\/revisions"}],"predecessor-version":[{"id":295,"href":"https:\/\/arvolanluomutila.fi\/index.php\/wp-json\/wp\/v2\/pages\/184\/revisions\/295"}],"wp:featuredmedia":[{"embeddable":true,"href":"https:\/\/arvolanluomutila.fi\/index.php\/wp-json\/wp\/v2\/media\/232"}],"wp:attachment":[{"href":"https:\/\/arvolanluomutila.fi\/index.php\/wp-json\/wp\/v2\/media?parent=184"}],"curies":[{"name":"wp","href":"https:\/\/api.w.org\/{rel}","templated":true}]}}