{"id":296,"date":"2024-11-22T13:43:22","date_gmt":"2024-11-22T13:43:22","guid":{"rendered":"https:\/\/arvolanluomutila.fi\/?page_id=296"},"modified":"2024-11-22T16:21:12","modified_gmt":"2024-11-22T16:21:12","slug":"marjajalosteet-ja-muut-tuotteet","status":"publish","type":"page","link":"https:\/\/arvolanluomutila.fi\/index.php\/marjajalosteet-ja-muut-tuotteet\/","title":{"rendered":"Marjajalosteet ja muut tuotteet"},"content":{"rendered":"\n<p>Valmistamme luomumarjoistamme muutamia jalosteita: luomumansikka- ja vadelmahilloa sek\u00e4 luomumarjamehua. Lis\u00e4ksi valmistamme mehil\u00e4isvahatuotteita kuten kynttil\u00f6it\u00e4 ja nahkarasvaa. <\/p>\n\n\n\n<p>Kev\u00e4isin tuotamme pieni\u00e4 m\u00e4\u00e4ri\u00e4 vihannesten luomutaimia, joita voi ostaa suoraan tilalta tai tapahtumista.<\/p>\n\n\n\n<p>Ker\u00e4\u00e4mme my\u00f6s yrttej\u00e4 luomussa olevilta pelloilta, joista valmistamme esimerkiksi jalkakylpy-pakkauksia.<\/p>\n\n\n\n<p>Osa tuotteista on kausituotteita, joita saa vain alkukes\u00e4ll\u00e4 tai joulun aikaan. <\/p>\n\n\n\n<figure class=\"wp-block-image size-full is-resized\"><img loading=\"lazy\" decoding=\"async\" width=\"305\" height=\"839\" src=\"https:\/\/arvolanluomutila.fi\/wp-content\/uploads\/2024\/11\/luomumarjamehu.jpg\" alt=\"\" class=\"wp-image-297\" style=\"width:233px;height:auto\" srcset=\"https:\/\/arvolanluomutila.fi\/wp-content\/uploads\/2024\/11\/luomumarjamehu.jpg 305w, https:\/\/arvolanluomutila.fi\/wp-content\/uploads\/2024\/11\/luomumarjamehu-109x300.jpg 109w\" sizes=\"auto, (max-width: 305px) 100vw, 305px\" \/><figcaption class=\"wp-element-caption\">Luomumarjamehu, tiiviste 500ml, 8\u20ac<\/figcaption><\/figure>\n\n\n\n<figure class=\"wp-block-image size-full is-resized\"><img loading=\"lazy\" decoding=\"async\" width=\"629\" height=\"839\" src=\"https:\/\/arvolanluomutila.fi\/wp-content\/uploads\/2024\/11\/luomuvadelmahillo.jpg\" alt=\"\" class=\"wp-image-298\" style=\"width:301px;height:auto\" srcset=\"https:\/\/arvolanluomutila.fi\/wp-content\/uploads\/2024\/11\/luomuvadelmahillo.jpg 629w, https:\/\/arvolanluomutila.fi\/wp-content\/uploads\/2024\/11\/luomuvadelmahillo-225x300.jpg 225w\" sizes=\"auto, (max-width: 629px) 100vw, 629px\" \/><figcaption class=\"wp-element-caption\">Luomuvadelmahillo, 250g, 7\u20ac<\/figcaption><\/figure>\n","protected":false},"excerpt":{"rendered":"<p>Valmistamme luomumarjoistamme muutamia jalosteita: luomumansikka- ja vadelmahilloa sek\u00e4 luomumarjamehua. Lis\u00e4ksi valmistamme mehil\u00e4isvahatuotteita kuten kynttil\u00f6it\u00e4 ja nahkarasvaa. Kev\u00e4isin tuotamme pieni\u00e4 m\u00e4\u00e4ri\u00e4 vihannesten luomutaimia, joita voi ostaa&hellip;<\/p>\n","protected":false},"author":2,"featured_media":0,"parent":0,"menu_order":0,"comment_status":"closed","ping_status":"closed","template":"","meta":{"footnotes":""},"class_list":["post-296","page","type-page","status-publish","hentry"],"yoast_head":"<!-- This site is optimized with the Yoast SEO plugin v27.4 - https:\/\/yoast.com\/product\/yoast-seo-wordpress\/ -->\n<title>Marjajalosteet ja muut tuotteet -<\/title>\n<meta name=\"robots\" content=\"index, follow, max-snippet:-1, max-image-preview:large, max-video-preview:-1\" \/>\n<link rel=\"canonical\" href=\"https:\/\/arvolanluomutila.fi\/index.php\/marjajalosteet-ja-muut-tuotteet\/\" \/>\n<meta property=\"og:locale\" content=\"fi_FI\" \/>\n<meta property=\"og:type\" content=\"article\" \/>\n<meta property=\"og:title\" content=\"Marjajalosteet ja muut tuotteet -\" \/>\n<meta property=\"og:description\" content=\"Valmistamme luomumarjoistamme muutamia jalosteita: luomumansikka- ja vadelmahilloa sek\u00e4 luomumarjamehua. Lis\u00e4ksi valmistamme mehil\u00e4isvahatuotteita kuten kynttil\u00f6it\u00e4 ja nahkarasvaa. Kev\u00e4isin tuotamme pieni\u00e4 m\u00e4\u00e4ri\u00e4 vihannesten luomutaimia, joita voi ostaa&hellip;\" \/>\n<meta property=\"og:url\" content=\"https:\/\/arvolanluomutila.fi\/index.php\/marjajalosteet-ja-muut-tuotteet\/\" \/>\n<meta property=\"article:modified_time\" content=\"2024-11-22T16:21:12+00:00\" \/>\n<meta property=\"og:image\" content=\"https:\/\/arvolanluomutila.fi\/wp-content\/uploads\/2024\/11\/luomumarjamehu.jpg\" \/>\n<meta name=\"twitter:card\" content=\"summary_large_image\" \/>\n<script type=\"application\/ld+json\" class=\"yoast-schema-graph\">{\"@context\":\"https:\\\/\\\/schema.org\",\"@graph\":[{\"@type\":\"WebPage\",\"@id\":\"https:\\\/\\\/arvolanluomutila.fi\\\/index.php\\\/marjajalosteet-ja-muut-tuotteet\\\/\",\"url\":\"https:\\\/\\\/arvolanluomutila.fi\\\/index.php\\\/marjajalosteet-ja-muut-tuotteet\\\/\",\"name\":\"Marjajalosteet ja muut tuotteet -\",\"isPartOf\":{\"@id\":\"https:\\\/\\\/arvolanluomutila.fi\\\/#website\"},\"primaryImageOfPage\":{\"@id\":\"https:\\\/\\\/arvolanluomutila.fi\\\/index.php\\\/marjajalosteet-ja-muut-tuotteet\\\/#primaryimage\"},\"image\":{\"@id\":\"https:\\\/\\\/arvolanluomutila.fi\\\/index.php\\\/marjajalosteet-ja-muut-tuotteet\\\/#primaryimage\"},\"thumbnailUrl\":\"https:\\\/\\\/arvolanluomutila.fi\\\/wp-content\\\/uploads\\\/2024\\\/11\\\/luomumarjamehu.jpg\",\"datePublished\":\"2024-11-22T13:43:22+00:00\",\"dateModified\":\"2024-11-22T16:21:12+00:00\",\"breadcrumb\":{\"@id\":\"https:\\\/\\\/arvolanluomutila.fi\\\/index.php\\\/marjajalosteet-ja-muut-tuotteet\\\/#breadcrumb\"},\"inLanguage\":\"fi\",\"potentialAction\":[{\"@type\":\"ReadAction\",\"target\":[\"https:\\\/\\\/arvolanluomutila.fi\\\/index.php\\\/marjajalosteet-ja-muut-tuotteet\\\/\"]}]},{\"@type\":\"ImageObject\",\"inLanguage\":\"fi\",\"@id\":\"https:\\\/\\\/arvolanluomutila.fi\\\/index.php\\\/marjajalosteet-ja-muut-tuotteet\\\/#primaryimage\",\"url\":\"https:\\\/\\\/arvolanluomutila.fi\\\/wp-content\\\/uploads\\\/2024\\\/11\\\/luomumarjamehu.jpg\",\"contentUrl\":\"https:\\\/\\\/arvolanluomutila.fi\\\/wp-content\\\/uploads\\\/2024\\\/11\\\/luomumarjamehu.jpg\",\"width\":305,\"height\":839},{\"@type\":\"BreadcrumbList\",\"@id\":\"https:\\\/\\\/arvolanluomutila.fi\\\/index.php\\\/marjajalosteet-ja-muut-tuotteet\\\/#breadcrumb\",\"itemListElement\":[{\"@type\":\"ListItem\",\"position\":1,\"name\":\"Home\",\"item\":\"https:\\\/\\\/arvolanluomutila.fi\\\/\"},{\"@type\":\"ListItem\",\"position\":2,\"name\":\"Marjajalosteet ja muut tuotteet\"}]},{\"@type\":\"WebSite\",\"@id\":\"https:\\\/\\\/arvolanluomutila.fi\\\/#website\",\"url\":\"https:\\\/\\\/arvolanluomutila.fi\\\/\",\"name\":\"\",\"description\":\"\",\"potentialAction\":[{\"@type\":\"SearchAction\",\"target\":{\"@type\":\"EntryPoint\",\"urlTemplate\":\"https:\\\/\\\/arvolanluomutila.fi\\\/?s={search_term_string}\"},\"query-input\":{\"@type\":\"PropertyValueSpecification\",\"valueRequired\":true,\"valueName\":\"search_term_string\"}}],\"inLanguage\":\"fi\"}]}<\/script>\n<!-- \/ Yoast SEO plugin. -->","yoast_head_json":{"title":"Marjajalosteet ja muut tuotteet -","robots":{"index":"index","follow":"follow","max-snippet":"max-snippet:-1","max-image-preview":"max-image-preview:large","max-video-preview":"max-video-preview:-1"},"canonical":"https:\/\/arvolanluomutila.fi\/index.php\/marjajalosteet-ja-muut-tuotteet\/","og_locale":"fi_FI","og_type":"article","og_title":"Marjajalosteet ja muut tuotteet -","og_description":"Valmistamme luomumarjoistamme muutamia jalosteita: luomumansikka- ja vadelmahilloa sek\u00e4 luomumarjamehua. Lis\u00e4ksi valmistamme mehil\u00e4isvahatuotteita kuten kynttil\u00f6it\u00e4 ja nahkarasvaa. Kev\u00e4isin tuotamme pieni\u00e4 m\u00e4\u00e4ri\u00e4 vihannesten luomutaimia, joita voi ostaa&hellip;","og_url":"https:\/\/arvolanluomutila.fi\/index.php\/marjajalosteet-ja-muut-tuotteet\/","article_modified_time":"2024-11-22T16:21:12+00:00","og_image":[{"url":"https:\/\/arvolanluomutila.fi\/wp-content\/uploads\/2024\/11\/luomumarjamehu.jpg","type":"","width":"","height":""}],"twitter_card":"summary_large_image","schema":{"@context":"https:\/\/schema.org","@graph":[{"@type":"WebPage","@id":"https:\/\/arvolanluomutila.fi\/index.php\/marjajalosteet-ja-muut-tuotteet\/","url":"https:\/\/arvolanluomutila.fi\/index.php\/marjajalosteet-ja-muut-tuotteet\/","name":"Marjajalosteet ja muut tuotteet -","isPartOf":{"@id":"https:\/\/arvolanluomutila.fi\/#website"},"primaryImageOfPage":{"@id":"https:\/\/arvolanluomutila.fi\/index.php\/marjajalosteet-ja-muut-tuotteet\/#primaryimage"},"image":{"@id":"https:\/\/arvolanluomutila.fi\/index.php\/marjajalosteet-ja-muut-tuotteet\/#primaryimage"},"thumbnailUrl":"https:\/\/arvolanluomutila.fi\/wp-content\/uploads\/2024\/11\/luomumarjamehu.jpg","datePublished":"2024-11-22T13:43:22+00:00","dateModified":"2024-11-22T16:21:12+00:00","breadcrumb":{"@id":"https:\/\/arvolanluomutila.fi\/index.php\/marjajalosteet-ja-muut-tuotteet\/#breadcrumb"},"inLanguage":"fi","potentialAction":[{"@type":"ReadAction","target":["https:\/\/arvolanluomutila.fi\/index.php\/marjajalosteet-ja-muut-tuotteet\/"]}]},{"@type":"ImageObject","inLanguage":"fi","@id":"https:\/\/arvolanluomutila.fi\/index.php\/marjajalosteet-ja-muut-tuotteet\/#primaryimage","url":"https:\/\/arvolanluomutila.fi\/wp-content\/uploads\/2024\/11\/luomumarjamehu.jpg","contentUrl":"https:\/\/arvolanluomutila.fi\/wp-content\/uploads\/2024\/11\/luomumarjamehu.jpg","width":305,"height":839},{"@type":"BreadcrumbList","@id":"https:\/\/arvolanluomutila.fi\/index.php\/marjajalosteet-ja-muut-tuotteet\/#breadcrumb","itemListElement":[{"@type":"ListItem","position":1,"name":"Home","item":"https:\/\/arvolanluomutila.fi\/"},{"@type":"ListItem","position":2,"name":"Marjajalosteet ja muut tuotteet"}]},{"@type":"WebSite","@id":"https:\/\/arvolanluomutila.fi\/#website","url":"https:\/\/arvolanluomutila.fi\/","name":"","description":"","potentialAction":[{"@type":"SearchAction","target":{"@type":"EntryPoint","urlTemplate":"https:\/\/arvolanluomutila.fi\/?s={search_term_string}"},"query-input":{"@type":"PropertyValueSpecification","valueRequired":true,"valueName":"search_term_string"}}],"inLanguage":"fi"}]}},"_links":{"self":[{"href":"https:\/\/arvolanluomutila.fi\/index.php\/wp-json\/wp\/v2\/pages\/296","targetHints":{"allow":["GET"]}}],"collection":[{"href":"https:\/\/arvolanluomutila.fi\/index.php\/wp-json\/wp\/v2\/pages"}],"about":[{"href":"https:\/\/arvolanluomutila.fi\/index.php\/wp-json\/wp\/v2\/types\/page"}],"author":[{"embeddable":true,"href":"https:\/\/arvolanluomutila.fi\/index.php\/wp-json\/wp\/v2\/users\/2"}],"replies":[{"embeddable":true,"href":"https:\/\/arvolanluomutila.fi\/index.php\/wp-json\/wp\/v2\/comments?post=296"}],"version-history":[{"count":2,"href":"https:\/\/arvolanluomutila.fi\/index.php\/wp-json\/wp\/v2\/pages\/296\/revisions"}],"predecessor-version":[{"id":304,"href":"https:\/\/arvolanluomutila.fi\/index.php\/wp-json\/wp\/v2\/pages\/296\/revisions\/304"}],"wp:attachment":[{"href":"https:\/\/arvolanluomutila.fi\/index.php\/wp-json\/wp\/v2\/media?parent=296"}],"curies":[{"name":"wp","href":"https:\/\/api.w.org\/{rel}","templated":true}]}}