{"id":81,"date":"2020-05-07T13:26:25","date_gmt":"2020-05-07T13:26:25","guid":{"rendered":"https:\/\/arvolanluomutila.fi\/?page_id=81"},"modified":"2021-06-21T14:35:45","modified_gmt":"2021-06-21T14:35:45","slug":"etusivu","status":"publish","type":"page","link":"https:\/\/arvolanluomutila.fi\/","title":{"rendered":"Tervetuloa Arvolan Luomutilalle!"},"content":{"rendered":"\n<h2 class=\"has-text-align-center has-text-color wp-block-heading\" style=\"color:#2e911e\">Tervetuloa Arvolan Luomutilalle!<\/h2>\n\n\n\n<div class=\"wp-block-columns is-layout-flex wp-container-core-columns-is-layout-9d6595d7 wp-block-columns-is-layout-flex\">\n<div class=\"wp-block-column is-layout-flow wp-block-column-is-layout-flow\">\n<p class=\"has-medium-font-size\">Luomutilan tavoitteena on tuottaa puhdasta ja kest\u00e4v\u00e4sti viljelty\u00e4 ruokaa suomalaisille. Maa on arvokas ja t\u00e4rke\u00e4, koska sit\u00e4 on vain rajallinen m\u00e4\u00e4r\u00e4 maapallolla ja kaikki sy\u00f6m\u00e4mme ruoka on sidoksissa maahan jollain tavalla. Siksi haluamme pit\u00e4\u00e4 hyv\u00e4\u00e4 huolta pelloistamme ja tuottaa  herkullisia luomutuotteita.<\/p>\n\n\n\n<p>Terveisin: Marika Ja Ahti<\/p>\n<\/div>\n\n\n\n<div class=\"wp-block-column is-layout-flow wp-block-column-is-layout-flow\">\n<figure class=\"wp-block-image size-large\"><img loading=\"lazy\" decoding=\"async\" width=\"315\" height=\"543\" src=\"https:\/\/arvolanluomutila.fi\/wp-content\/uploads\/2020\/05\/rakennusty\u00f6maa.png\" alt=\"\" class=\"wp-image-144\" srcset=\"https:\/\/arvolanluomutila.fi\/wp-content\/uploads\/2020\/05\/rakennusty\u00f6maa.png 315w, https:\/\/arvolanluomutila.fi\/wp-content\/uploads\/2020\/05\/rakennusty\u00f6maa-174x300.png 174w\" sizes=\"auto, (max-width: 315px) 100vw, 315px\" \/><\/figure>\n<\/div>\n<\/div>\n\n\n\n<p><\/p>\n","protected":false},"excerpt":{"rendered":"<p>Tervetuloa Arvolan Luomutilalle! Luomutilan tavoitteena on tuottaa puhdasta ja kest\u00e4v\u00e4sti viljelty\u00e4 ruokaa suomalaisille. Maa on arvokas ja t\u00e4rke\u00e4, koska sit\u00e4 on vain rajallinen m\u00e4\u00e4r\u00e4 maapallolla&hellip;<\/p>\n","protected":false},"author":1,"featured_media":27,"parent":0,"menu_order":0,"comment_status":"closed","ping_status":"closed","template":"","meta":{"footnotes":""},"class_list":["post-81","page","type-page","status-publish","has-post-thumbnail","hentry"],"yoast_head":"<!-- This site is optimized with the Yoast SEO plugin v27.4 - https:\/\/yoast.com\/product\/yoast-seo-wordpress\/ -->\n<title>Tervetuloa Arvolan Luomutilalle! -  Tervetuloa Arvolan Luomutilalle!<\/title>\n<meta name=\"description\" content=\"Arvolan Luomutilan tavoitteena on tuottaa puhdasta ja kest\u00e4v\u00e4sti viljelty\u00e4 ruokaa suomalaisille. Maa on arvokas ja t\u00e4rke\u00e4, koska sit\u00e4 on vain rajallinen m\u00e4\u00e4r\u00e4 maapallolla ja kaikki sy\u00f6m\u00e4mme ruoka on sidoksissa maahan jollain tavalla. Siksi haluamme pit\u00e4\u00e4 hyv\u00e4\u00e4 huolta pelloistamme ja tuottaa 1-3 vuoden p\u00e4\u00e4st\u00e4 herkullisia luomutuotteita.\" \/>\n<meta name=\"robots\" content=\"index, follow, max-snippet:-1, max-image-preview:large, max-video-preview:-1\" \/>\n<link rel=\"canonical\" href=\"https:\/\/arvolanluomutila.fi\/\" \/>\n<meta property=\"og:locale\" content=\"fi_FI\" \/>\n<meta property=\"og:type\" content=\"article\" \/>\n<meta property=\"og:title\" content=\"Tervetuloa Arvolan Luomutilalle! -  Tervetuloa Arvolan Luomutilalle!\" \/>\n<meta property=\"og:description\" content=\"Arvolan Luomutilan tavoitteena on tuottaa puhdasta ja kest\u00e4v\u00e4sti viljelty\u00e4 ruokaa suomalaisille. Maa on arvokas ja t\u00e4rke\u00e4, koska sit\u00e4 on vain rajallinen m\u00e4\u00e4r\u00e4 maapallolla ja kaikki sy\u00f6m\u00e4mme ruoka on sidoksissa maahan jollain tavalla. Siksi haluamme pit\u00e4\u00e4 hyv\u00e4\u00e4 huolta pelloistamme ja tuottaa 1-3 vuoden p\u00e4\u00e4st\u00e4 herkullisia luomutuotteita.\" \/>\n<meta property=\"og:url\" content=\"https:\/\/arvolanluomutila.fi\/\" \/>\n<meta property=\"article:modified_time\" content=\"2021-06-21T14:35:45+00:00\" \/>\n<meta property=\"og:image\" content=\"https:\/\/arvolanluomutila.fi\/wp-content\/uploads\/2020\/05\/iPhone-2016-855-scaled.jpg\" \/>\n\t<meta property=\"og:image:width\" content=\"2560\" \/>\n\t<meta property=\"og:image:height\" content=\"1920\" \/>\n\t<meta property=\"og:image:type\" content=\"image\/jpeg\" \/>\n<meta name=\"twitter:card\" content=\"summary_large_image\" \/>\n<meta name=\"twitter:label1\" content=\"Arvioitu lukuaika\" \/>\n\t<meta name=\"twitter:data1\" content=\"1 minuutti\" \/>\n<script type=\"application\/ld+json\" class=\"yoast-schema-graph\">{\"@context\":\"https:\\\/\\\/schema.org\",\"@graph\":[{\"@type\":\"WebPage\",\"@id\":\"https:\\\/\\\/arvolanluomutila.fi\\\/\",\"url\":\"https:\\\/\\\/arvolanluomutila.fi\\\/\",\"name\":\"Tervetuloa Arvolan Luomutilalle! - Tervetuloa Arvolan Luomutilalle!\",\"isPartOf\":{\"@id\":\"https:\\\/\\\/arvolanluomutila.fi\\\/#website\"},\"primaryImageOfPage\":{\"@id\":\"https:\\\/\\\/arvolanluomutila.fi\\\/#primaryimage\"},\"image\":{\"@id\":\"https:\\\/\\\/arvolanluomutila.fi\\\/#primaryimage\"},\"thumbnailUrl\":\"https:\\\/\\\/arvolanluomutila.fi\\\/wp-content\\\/uploads\\\/2020\\\/05\\\/iPhone-2016-855-scaled.jpg\",\"datePublished\":\"2020-05-07T13:26:25+00:00\",\"dateModified\":\"2021-06-21T14:35:45+00:00\",\"description\":\"Arvolan Luomutilan tavoitteena on tuottaa puhdasta ja kest\u00e4v\u00e4sti viljelty\u00e4 ruokaa suomalaisille. Maa on arvokas ja t\u00e4rke\u00e4, koska sit\u00e4 on vain rajallinen m\u00e4\u00e4r\u00e4 maapallolla ja kaikki sy\u00f6m\u00e4mme ruoka on sidoksissa maahan jollain tavalla. Siksi haluamme pit\u00e4\u00e4 hyv\u00e4\u00e4 huolta pelloistamme ja tuottaa 1-3 vuoden p\u00e4\u00e4st\u00e4 herkullisia luomutuotteita.\",\"breadcrumb\":{\"@id\":\"https:\\\/\\\/arvolanluomutila.fi\\\/#breadcrumb\"},\"inLanguage\":\"fi\",\"potentialAction\":[{\"@type\":\"ReadAction\",\"target\":[\"https:\\\/\\\/arvolanluomutila.fi\\\/\"]}]},{\"@type\":\"ImageObject\",\"inLanguage\":\"fi\",\"@id\":\"https:\\\/\\\/arvolanluomutila.fi\\\/#primaryimage\",\"url\":\"https:\\\/\\\/arvolanluomutila.fi\\\/wp-content\\\/uploads\\\/2020\\\/05\\\/iPhone-2016-855-scaled.jpg\",\"contentUrl\":\"https:\\\/\\\/arvolanluomutila.fi\\\/wp-content\\\/uploads\\\/2020\\\/05\\\/iPhone-2016-855-scaled.jpg\",\"width\":2560,\"height\":1920},{\"@type\":\"BreadcrumbList\",\"@id\":\"https:\\\/\\\/arvolanluomutila.fi\\\/#breadcrumb\",\"itemListElement\":[{\"@type\":\"ListItem\",\"position\":1,\"name\":\"Home\",\"item\":\"https:\\\/\\\/arvolanluomutila.fi\\\/\"},{\"@type\":\"ListItem\",\"position\":2,\"name\":\"Tervetuloa Arvolan Luomutilalle!\"}]},{\"@type\":\"WebSite\",\"@id\":\"https:\\\/\\\/arvolanluomutila.fi\\\/#website\",\"url\":\"https:\\\/\\\/arvolanluomutila.fi\\\/\",\"name\":\"\",\"description\":\"\",\"potentialAction\":[{\"@type\":\"SearchAction\",\"target\":{\"@type\":\"EntryPoint\",\"urlTemplate\":\"https:\\\/\\\/arvolanluomutila.fi\\\/?s={search_term_string}\"},\"query-input\":{\"@type\":\"PropertyValueSpecification\",\"valueRequired\":true,\"valueName\":\"search_term_string\"}}],\"inLanguage\":\"fi\"}]}<\/script>\n<!-- \/ Yoast SEO plugin. -->","yoast_head_json":{"title":"Tervetuloa Arvolan Luomutilalle! -  Tervetuloa Arvolan Luomutilalle!","description":"Arvolan Luomutilan tavoitteena on tuottaa puhdasta ja kest\u00e4v\u00e4sti viljelty\u00e4 ruokaa suomalaisille. Maa on arvokas ja t\u00e4rke\u00e4, koska sit\u00e4 on vain rajallinen m\u00e4\u00e4r\u00e4 maapallolla ja kaikki sy\u00f6m\u00e4mme ruoka on sidoksissa maahan jollain tavalla. Siksi haluamme pit\u00e4\u00e4 hyv\u00e4\u00e4 huolta pelloistamme ja tuottaa 1-3 vuoden p\u00e4\u00e4st\u00e4 herkullisia luomutuotteita.","robots":{"index":"index","follow":"follow","max-snippet":"max-snippet:-1","max-image-preview":"max-image-preview:large","max-video-preview":"max-video-preview:-1"},"canonical":"https:\/\/arvolanluomutila.fi\/","og_locale":"fi_FI","og_type":"article","og_title":"Tervetuloa Arvolan Luomutilalle! -  Tervetuloa Arvolan Luomutilalle!","og_description":"Arvolan Luomutilan tavoitteena on tuottaa puhdasta ja kest\u00e4v\u00e4sti viljelty\u00e4 ruokaa suomalaisille. Maa on arvokas ja t\u00e4rke\u00e4, koska sit\u00e4 on vain rajallinen m\u00e4\u00e4r\u00e4 maapallolla ja kaikki sy\u00f6m\u00e4mme ruoka on sidoksissa maahan jollain tavalla. Siksi haluamme pit\u00e4\u00e4 hyv\u00e4\u00e4 huolta pelloistamme ja tuottaa 1-3 vuoden p\u00e4\u00e4st\u00e4 herkullisia luomutuotteita.","og_url":"https:\/\/arvolanluomutila.fi\/","article_modified_time":"2021-06-21T14:35:45+00:00","og_image":[{"width":2560,"height":1920,"url":"https:\/\/arvolanluomutila.fi\/wp-content\/uploads\/2020\/05\/iPhone-2016-855-scaled.jpg","type":"image\/jpeg"}],"twitter_card":"summary_large_image","twitter_misc":{"Arvioitu lukuaika":"1 minuutti"},"schema":{"@context":"https:\/\/schema.org","@graph":[{"@type":"WebPage","@id":"https:\/\/arvolanluomutila.fi\/","url":"https:\/\/arvolanluomutila.fi\/","name":"Tervetuloa Arvolan Luomutilalle! - Tervetuloa Arvolan Luomutilalle!","isPartOf":{"@id":"https:\/\/arvolanluomutila.fi\/#website"},"primaryImageOfPage":{"@id":"https:\/\/arvolanluomutila.fi\/#primaryimage"},"image":{"@id":"https:\/\/arvolanluomutila.fi\/#primaryimage"},"thumbnailUrl":"https:\/\/arvolanluomutila.fi\/wp-content\/uploads\/2020\/05\/iPhone-2016-855-scaled.jpg","datePublished":"2020-05-07T13:26:25+00:00","dateModified":"2021-06-21T14:35:45+00:00","description":"Arvolan Luomutilan tavoitteena on tuottaa puhdasta ja kest\u00e4v\u00e4sti viljelty\u00e4 ruokaa suomalaisille. Maa on arvokas ja t\u00e4rke\u00e4, koska sit\u00e4 on vain rajallinen m\u00e4\u00e4r\u00e4 maapallolla ja kaikki sy\u00f6m\u00e4mme ruoka on sidoksissa maahan jollain tavalla. Siksi haluamme pit\u00e4\u00e4 hyv\u00e4\u00e4 huolta pelloistamme ja tuottaa 1-3 vuoden p\u00e4\u00e4st\u00e4 herkullisia luomutuotteita.","breadcrumb":{"@id":"https:\/\/arvolanluomutila.fi\/#breadcrumb"},"inLanguage":"fi","potentialAction":[{"@type":"ReadAction","target":["https:\/\/arvolanluomutila.fi\/"]}]},{"@type":"ImageObject","inLanguage":"fi","@id":"https:\/\/arvolanluomutila.fi\/#primaryimage","url":"https:\/\/arvolanluomutila.fi\/wp-content\/uploads\/2020\/05\/iPhone-2016-855-scaled.jpg","contentUrl":"https:\/\/arvolanluomutila.fi\/wp-content\/uploads\/2020\/05\/iPhone-2016-855-scaled.jpg","width":2560,"height":1920},{"@type":"BreadcrumbList","@id":"https:\/\/arvolanluomutila.fi\/#breadcrumb","itemListElement":[{"@type":"ListItem","position":1,"name":"Home","item":"https:\/\/arvolanluomutila.fi\/"},{"@type":"ListItem","position":2,"name":"Tervetuloa Arvolan Luomutilalle!"}]},{"@type":"WebSite","@id":"https:\/\/arvolanluomutila.fi\/#website","url":"https:\/\/arvolanluomutila.fi\/","name":"","description":"","potentialAction":[{"@type":"SearchAction","target":{"@type":"EntryPoint","urlTemplate":"https:\/\/arvolanluomutila.fi\/?s={search_term_string}"},"query-input":{"@type":"PropertyValueSpecification","valueRequired":true,"valueName":"search_term_string"}}],"inLanguage":"fi"}]}},"_links":{"self":[{"href":"https:\/\/arvolanluomutila.fi\/index.php\/wp-json\/wp\/v2\/pages\/81","targetHints":{"allow":["GET"]}}],"collection":[{"href":"https:\/\/arvolanluomutila.fi\/index.php\/wp-json\/wp\/v2\/pages"}],"about":[{"href":"https:\/\/arvolanluomutila.fi\/index.php\/wp-json\/wp\/v2\/types\/page"}],"author":[{"embeddable":true,"href":"https:\/\/arvolanluomutila.fi\/index.php\/wp-json\/wp\/v2\/users\/1"}],"replies":[{"embeddable":true,"href":"https:\/\/arvolanluomutila.fi\/index.php\/wp-json\/wp\/v2\/comments?post=81"}],"version-history":[{"count":10,"href":"https:\/\/arvolanluomutila.fi\/index.php\/wp-json\/wp\/v2\/pages\/81\/revisions"}],"predecessor-version":[{"id":183,"href":"https:\/\/arvolanluomutila.fi\/index.php\/wp-json\/wp\/v2\/pages\/81\/revisions\/183"}],"wp:featuredmedia":[{"embeddable":true,"href":"https:\/\/arvolanluomutila.fi\/index.php\/wp-json\/wp\/v2\/media\/27"}],"wp:attachment":[{"href":"https:\/\/arvolanluomutila.fi\/index.php\/wp-json\/wp\/v2\/media?parent=81"}],"curies":[{"name":"wp","href":"https:\/\/api.w.org\/{rel}","templated":true}]}}